{"id":62196,"date":"2025-12-18T15:59:24","date_gmt":"2025-12-18T14:59:24","guid":{"rendered":"https:\/\/vitalstoffversand.com\/?post_type=product&#038;p=62196"},"modified":"2026-03-21T15:52:42","modified_gmt":"2026-03-21T14:52:42","slug":"gen-monohidrato-de-creatina-500-g-kopie","status":"publish","type":"product","link":"https:\/\/vitalstoffversand.com\/es\/producto\/gen-monohidrato-de-creatina-500-g-kopie\/","title":{"rendered":"GEN <br>Monohidrato de creatina &#8211; 300 g"},"content":{"rendered":"<p><strong><span style=\"color: #0000ff;\"><a href=\"https:\/\/vitalstoffversand.com\/knowledge-base\/creatin-kreatin\/\" target=\"_blank\" rel=\"noopener\">\u2192 El monohidrato de creatina<\/a><\/span><\/strong> es uno de los suplementos alimenticios m\u00e1s conocidos entre los deportistas, ya que muchos lo utilizan o, al menos, han o\u00eddo hablar de \u00e9l.<\/p>\n<p>Sirve al cuerpo como reserva de energ\u00eda y es producido por nuestro propio organismo.<\/p>\n<p>Sin embargo, complementar las actividades deportivas con creatina puede ser beneficioso en cualquier caso.<\/p>\n<ul>\n<li>Vegano<\/li>\n<li>Sin gluten<\/li>\n<li>Sin lactosa<\/li>\n<li>Sin OGM<\/li>\n<li>Fabricado seg\u00fan los estrictos est\u00e1ndares de calidad de la UE.<\/li>\n<\/ul>\n","protected":false},"excerpt":{"rendered":"<p>\u2192 El monohidrato de creatina es uno de los suplementos alimenticios m\u00e1s conocidos entre los deportistas, ya que muchos lo utilizan o, al menos, han o\u00eddo hablar de \u00e9l. Sirve al cuerpo como reserva de energ\u00eda y es producido por nuestro propio organismo. Sin embargo, complementar las actividades deportivas con creatina puede ser beneficioso en [&hellip;]<\/p>\n","protected":false},"featured_media":62237,"template":"","meta":{"_acf_changed":false},"product_brand":[10201],"product_cat":[351,363],"product_tag":[],"class_list":{"0":"post-62196","1":"product","2":"type-product","3":"status-publish","4":"has-post-thumbnail","6":"product_brand-gen-german-elite-nutrition-es","7":"product_cat-deporte-suplementario","8":"product_cat-productos-de-a-z","10":"first","11":"outofstock","12":"taxable","13":"shipping-taxable","14":"purchasable","15":"product-type-simple"},"acf":[],"_links":{"self":[{"href":"https:\/\/vitalstoffversand.com\/es\/wp-json\/wp\/v2\/product\/62196","targetHints":{"allow":["GET"]}}],"collection":[{"href":"https:\/\/vitalstoffversand.com\/es\/wp-json\/wp\/v2\/product"}],"about":[{"href":"https:\/\/vitalstoffversand.com\/es\/wp-json\/wp\/v2\/types\/product"}],"wp:featuredmedia":[{"embeddable":true,"href":"https:\/\/vitalstoffversand.com\/es\/wp-json\/wp\/v2\/media\/62237"}],"wp:attachment":[{"href":"https:\/\/vitalstoffversand.com\/es\/wp-json\/wp\/v2\/media?parent=62196"}],"wp:term":[{"taxonomy":"product_brand","embeddable":true,"href":"https:\/\/vitalstoffversand.com\/es\/wp-json\/wp\/v2\/product_brand?post=62196"},{"taxonomy":"product_cat","embeddable":true,"href":"https:\/\/vitalstoffversand.com\/es\/wp-json\/wp\/v2\/product_cat?post=62196"},{"taxonomy":"product_tag","embeddable":true,"href":"https:\/\/vitalstoffversand.com\/es\/wp-json\/wp\/v2\/product_tag?post=62196"}],"curies":[{"name":"wp","href":"https:\/\/api.w.org\/{rel}","templated":true}]}}