{"id":60951,"date":"2025-11-14T12:32:22","date_gmt":"2025-11-14T11:32:22","guid":{"rendered":"https:\/\/vitalstoffversand.com\/?post_type=product&#038;p=60951"},"modified":"2026-03-21T15:52:49","modified_gmt":"2026-03-21T14:52:49","slug":"gen-l-taurina-500-g-kopie","status":"publish","type":"product","link":"https:\/\/vitalstoffversand.com\/es\/producto\/gen-l-taurina-500-g-kopie\/","title":{"rendered":"GEN <br>L-tirosina Ultra &#8211; 365 c\u00e1psulas"},"content":{"rendered":"<p>La L-tirosina pertenece al grupo de los amino\u00e1cidos proteinog\u00e9nicos y se forma en el organismo a partir del amino\u00e1cido esencial fenilalanina.<\/p>\n<p>La tirosina se puede combinar con otros amino\u00e1cidos o productos preentrenamiento.<\/p>\n<ul>\n<li>Sin gluten<\/li>\n<li>Sin lactosa<\/li>\n<li>Sin OGM<\/li>\n<li>Fabricado seg\u00fan los estrictos est\u00e1ndares de calidad de la UE.<\/li>\n<\/ul>\n","protected":false},"excerpt":{"rendered":"<p>La L-tirosina pertenece al grupo de los amino\u00e1cidos proteinog\u00e9nicos y se forma en el organismo a partir del amino\u00e1cido esencial fenilalanina. La tirosina se puede combinar con otros amino\u00e1cidos o productos preentrenamiento. Sin gluten Sin lactosa Sin OGM Fabricado seg\u00fan los estrictos est\u00e1ndares de calidad de la UE.<\/p>\n","protected":false},"featured_media":60963,"template":"","meta":{"_acf_changed":false},"product_brand":[10201],"product_cat":[334,363],"product_tag":[],"class_list":{"0":"post-60951","1":"product","2":"type-product","3":"status-publish","4":"has-post-thumbnail","6":"product_brand-gen-german-elite-nutrition-es","7":"product_cat-aminoacidos","8":"product_cat-productos-de-a-z","10":"first","11":"instock","12":"taxable","13":"shipping-taxable","14":"purchasable","15":"product-type-simple"},"acf":[],"_links":{"self":[{"href":"https:\/\/vitalstoffversand.com\/es\/wp-json\/wp\/v2\/product\/60951","targetHints":{"allow":["GET"]}}],"collection":[{"href":"https:\/\/vitalstoffversand.com\/es\/wp-json\/wp\/v2\/product"}],"about":[{"href":"https:\/\/vitalstoffversand.com\/es\/wp-json\/wp\/v2\/types\/product"}],"wp:featuredmedia":[{"embeddable":true,"href":"https:\/\/vitalstoffversand.com\/es\/wp-json\/wp\/v2\/media\/60963"}],"wp:attachment":[{"href":"https:\/\/vitalstoffversand.com\/es\/wp-json\/wp\/v2\/media?parent=60951"}],"wp:term":[{"taxonomy":"product_brand","embeddable":true,"href":"https:\/\/vitalstoffversand.com\/es\/wp-json\/wp\/v2\/product_brand?post=60951"},{"taxonomy":"product_cat","embeddable":true,"href":"https:\/\/vitalstoffversand.com\/es\/wp-json\/wp\/v2\/product_cat?post=60951"},{"taxonomy":"product_tag","embeddable":true,"href":"https:\/\/vitalstoffversand.com\/es\/wp-json\/wp\/v2\/product_tag?post=60951"}],"curies":[{"name":"wp","href":"https:\/\/api.w.org\/{rel}","templated":true}]}}