{"id":60514,"date":"2025-09-01T18:46:00","date_gmt":"2025-09-01T16:46:00","guid":{"rendered":"https:\/\/vitalstoffversand.com\/produkt\/gen-monohidrato-de-creatina-500-g\/"},"modified":"2026-03-11T14:59:39","modified_gmt":"2026-03-11T13:59:39","slug":"gen-monohidrato-de-creatina-500-g","status":"publish","type":"product","link":"https:\/\/vitalstoffversand.com\/es\/producto\/gen-monohidrato-de-creatina-500-g\/","title":{"rendered":"GEN <br>Monohidrato de creatina &#8211; 500 g"},"content":{"rendered":"<p>Casi todos los deportistas conocen \u2192 el monohidrato de <a href=\"https:\/\/vitalstoffversand.com\/knowledge-base\/creatin-kreatin\/\" target=\"_blank\" rel=\"noopener\"><strong><span style=\"color: #0000ff;\">creatina<\/span><\/strong><\/a>, ya que muchos lo utilizan ellos mismos o al menos han o\u00eddo hablar de \u00e9l.<\/p>\n<p>La creatina sirve al organismo como almac\u00e9n de energ\u00eda y tambi\u00e9n es producida por nuestro propio cuerpo.<\/p>\n<p>Sin embargo, puede tener sentido apoyar sus actividades deportivas con suplementos de creatina.<\/p>\n<ul>\n<li>Vegano<\/li>\n<li>Sin gluten<\/li>\n<li>Sin lactosa<\/li>\n<li>Sin OGM<\/li>\n<li>Fabricado seg\u00fan los estrictos est\u00e1ndares de calidad de la UE.<\/li>\n<\/ul>\n","protected":false},"excerpt":{"rendered":"<p>Casi todos los deportistas conocen \u2192 el monohidrato de creatina, ya que muchos lo utilizan ellos mismos o al menos han o\u00eddo hablar de \u00e9l. La creatina sirve al organismo como almac\u00e9n de energ\u00eda y tambi\u00e9n es producida por nuestro propio cuerpo. Sin embargo, puede tener sentido apoyar sus actividades deportivas con suplementos de creatina. [&hellip;]<\/p>\n","protected":false},"featured_media":45127,"template":"","meta":{"_acf_changed":false},"product_brand":[10201],"product_cat":[350,363],"product_tag":[],"class_list":{"0":"post-60514","1":"product","2":"type-product","3":"status-publish","4":"has-post-thumbnail","6":"product_brand-gen-german-elite-nutrition-es","7":"product_cat-nutrientes","8":"product_cat-productos-de-a-z","10":"first","11":"outofstock","12":"taxable","13":"shipping-taxable","14":"purchasable","15":"product-type-simple"},"acf":[],"_links":{"self":[{"href":"https:\/\/vitalstoffversand.com\/es\/wp-json\/wp\/v2\/product\/60514","targetHints":{"allow":["GET"]}}],"collection":[{"href":"https:\/\/vitalstoffversand.com\/es\/wp-json\/wp\/v2\/product"}],"about":[{"href":"https:\/\/vitalstoffversand.com\/es\/wp-json\/wp\/v2\/types\/product"}],"wp:featuredmedia":[{"embeddable":true,"href":"https:\/\/vitalstoffversand.com\/es\/wp-json\/wp\/v2\/media\/45127"}],"wp:attachment":[{"href":"https:\/\/vitalstoffversand.com\/es\/wp-json\/wp\/v2\/media?parent=60514"}],"wp:term":[{"taxonomy":"product_brand","embeddable":true,"href":"https:\/\/vitalstoffversand.com\/es\/wp-json\/wp\/v2\/product_brand?post=60514"},{"taxonomy":"product_cat","embeddable":true,"href":"https:\/\/vitalstoffversand.com\/es\/wp-json\/wp\/v2\/product_cat?post=60514"},{"taxonomy":"product_tag","embeddable":true,"href":"https:\/\/vitalstoffversand.com\/es\/wp-json\/wp\/v2\/product_tag?post=60514"}],"curies":[{"name":"wp","href":"https:\/\/api.w.org\/{rel}","templated":true}]}}