{"id":43209,"date":"2025-09-01T18:52:02","date_gmt":"2025-09-01T16:52:02","guid":{"rendered":"https:\/\/vitalstoffversand.com\/produkt\/vit4ever-complejo-de-cardo-mariano-365-capsulas\/"},"modified":"2026-03-21T15:54:35","modified_gmt":"2026-03-21T14:54:35","slug":"vit4ever-complejo-de-cardo-mariano-365-capsulas","status":"publish","type":"product","link":"https:\/\/vitalstoffversand.com\/es\/producto\/vit4ever-complejo-de-cardo-mariano-365-capsulas\/","title":{"rendered":"Vit4ever <br>Complejo de cardo mariano &#8211; 365 c\u00e1psulas"},"content":{"rendered":"<p>Complejo altamente dosificado y perfectamente armonizado de extracto de cardo mariano (80% de silimarina), extracto de alcachofa (2,5% de cinarina) y extracto de ra\u00edz de diente de le\u00f3n.<\/p>\n<p>Contiene numerosas sustancias vegetales secundarias, muc\u00edlagos, flavonoides, vitaminas y antioxidantes naturales.<\/p>\n<p>Seg\u00fan la naturopat\u00eda, las tres plantas tienen efectos positivos sobre la salud del h\u00edgado.<\/p>\n<ul>\n<li>Vegano<\/li>\n<li>Sin gluten<\/li>\n<li>Sin lactosa<\/li>\n<li>Sin OGM<\/li>\n<li>Fabricado seg\u00fan los estrictos est\u00e1ndares de calidad de la UE.<\/li>\n<\/ul>\n","protected":false},"excerpt":{"rendered":"<p>Complejo altamente dosificado y perfectamente armonizado de extracto de cardo mariano (80% de silimarina), extracto de alcachofa (2,5% de cinarina) y extracto de ra\u00edz de diente de le\u00f3n. Contiene numerosas sustancias vegetales secundarias, muc\u00edlagos, flavonoides, vitaminas y antioxidantes naturales. Seg\u00fan la naturopat\u00eda, las tres plantas tienen efectos positivos sobre la salud del h\u00edgado. Vegano Sin [&hellip;]<\/p>\n","protected":false},"featured_media":54443,"template":"","meta":{"_acf_changed":false},"product_brand":[10219],"product_cat":[350,363],"product_tag":[],"class_list":{"0":"post-43209","1":"product","2":"type-product","3":"status-publish","4":"has-post-thumbnail","6":"product_brand-vit4ever-es","7":"product_cat-nutrientes","8":"product_cat-productos-de-a-z","10":"first","11":"instock","12":"taxable","13":"shipping-taxable","14":"purchasable","15":"product-type-simple"},"acf":[],"_links":{"self":[{"href":"https:\/\/vitalstoffversand.com\/es\/wp-json\/wp\/v2\/product\/43209","targetHints":{"allow":["GET"]}}],"collection":[{"href":"https:\/\/vitalstoffversand.com\/es\/wp-json\/wp\/v2\/product"}],"about":[{"href":"https:\/\/vitalstoffversand.com\/es\/wp-json\/wp\/v2\/types\/product"}],"wp:featuredmedia":[{"embeddable":true,"href":"https:\/\/vitalstoffversand.com\/es\/wp-json\/wp\/v2\/media\/54443"}],"wp:attachment":[{"href":"https:\/\/vitalstoffversand.com\/es\/wp-json\/wp\/v2\/media?parent=43209"}],"wp:term":[{"taxonomy":"product_brand","embeddable":true,"href":"https:\/\/vitalstoffversand.com\/es\/wp-json\/wp\/v2\/product_brand?post=43209"},{"taxonomy":"product_cat","embeddable":true,"href":"https:\/\/vitalstoffversand.com\/es\/wp-json\/wp\/v2\/product_cat?post=43209"},{"taxonomy":"product_tag","embeddable":true,"href":"https:\/\/vitalstoffversand.com\/es\/wp-json\/wp\/v2\/product_tag?post=43209"}],"curies":[{"name":"wp","href":"https:\/\/api.w.org\/{rel}","templated":true}]}}