{"id":43202,"date":"2025-09-01T18:52:48","date_gmt":"2025-09-01T16:52:48","guid":{"rendered":"https:\/\/vitalstoffversand.com\/produkt\/vit4ever-nac-800-n-acetil-l-cisteina-240-capsulas\/"},"modified":"2026-03-21T15:54:28","modified_gmt":"2026-03-21T14:54:28","slug":"vit4ever-nac-800-n-acetil-l-cisteina-240-capsulas","status":"publish","type":"product","link":"https:\/\/vitalstoffversand.com\/es\/producto\/vit4ever-nac-800-n-acetil-l-cisteina-240-capsulas\/","title":{"rendered":"Vit4ever <br>NAC 600 &#8211; N-acetil-L-ciste\u00edna &#8211; 240 c\u00e1psulas"},"content":{"rendered":"<p>La N-acetil-L-ciste\u00edna (tambi\u00e9n conocida como NAC) es la forma N-acetilada y altamente eficaz de la L-ciste\u00edna y es muy biodisponible.<\/p>\n<p>La NAC es m\u00e1s estable que la L-ciste\u00edna normal y prolonga el efecto del amino\u00e1cido en la producci\u00f3n de glutati\u00f3n, que interviene en numerosos procesos importantes del organismo y tambi\u00e9n tiene un efecto antioxidante.<\/p>\n<ul>\n<li>Vegano<\/li>\n<li>Sin gluten<\/li>\n<li>Sin lactosa<\/li>\n<li>Sin OGM<\/li>\n<li>Fabricado seg\u00fan los estrictos est\u00e1ndares de calidad de la UE.<\/li>\n<\/ul>\n","protected":false},"excerpt":{"rendered":"<p>La N-acetil-L-ciste\u00edna (tambi\u00e9n conocida como NAC) es la forma N-acetilada y altamente eficaz de la L-ciste\u00edna y es muy biodisponible. La NAC es m\u00e1s estable que la L-ciste\u00edna normal y prolonga el efecto del amino\u00e1cido en la producci\u00f3n de glutati\u00f3n, que interviene en numerosos procesos importantes del organismo y tambi\u00e9n tiene un efecto antioxidante. Vegano [&hellip;]<\/p>\n","protected":false},"featured_media":62832,"template":"","meta":{"_acf_changed":false},"product_brand":[10219],"product_cat":[350,363],"product_tag":[],"class_list":{"0":"post-43202","1":"product","2":"type-product","3":"status-publish","4":"has-post-thumbnail","6":"product_brand-vit4ever-es","7":"product_cat-nutrientes","8":"product_cat-productos-de-a-z","10":"first","11":"instock","12":"taxable","13":"shipping-taxable","14":"purchasable","15":"product-type-simple"},"acf":[],"_links":{"self":[{"href":"https:\/\/vitalstoffversand.com\/es\/wp-json\/wp\/v2\/product\/43202","targetHints":{"allow":["GET"]}}],"collection":[{"href":"https:\/\/vitalstoffversand.com\/es\/wp-json\/wp\/v2\/product"}],"about":[{"href":"https:\/\/vitalstoffversand.com\/es\/wp-json\/wp\/v2\/types\/product"}],"wp:featuredmedia":[{"embeddable":true,"href":"https:\/\/vitalstoffversand.com\/es\/wp-json\/wp\/v2\/media\/62832"}],"wp:attachment":[{"href":"https:\/\/vitalstoffversand.com\/es\/wp-json\/wp\/v2\/media?parent=43202"}],"wp:term":[{"taxonomy":"product_brand","embeddable":true,"href":"https:\/\/vitalstoffversand.com\/es\/wp-json\/wp\/v2\/product_brand?post=43202"},{"taxonomy":"product_cat","embeddable":true,"href":"https:\/\/vitalstoffversand.com\/es\/wp-json\/wp\/v2\/product_cat?post=43202"},{"taxonomy":"product_tag","embeddable":true,"href":"https:\/\/vitalstoffversand.com\/es\/wp-json\/wp\/v2\/product_tag?post=43202"}],"curies":[{"name":"wp","href":"https:\/\/api.w.org\/{rel}","templated":true}]}}