{"id":43151,"date":"2025-09-01T18:49:57","date_gmt":"2025-09-01T16:49:57","guid":{"rendered":"https:\/\/vitalstoffversand.com\/produkt\/vit4ever-l-lisina-160-comprimidos\/"},"modified":"2026-03-21T15:54:55","modified_gmt":"2026-03-21T14:54:55","slug":"vit4ever-l-lisina-160-comprimidos","status":"publish","type":"product","link":"https:\/\/vitalstoffversand.com\/es\/producto\/vit4ever-l-lisina-160-comprimidos\/","title":{"rendered":"Vit4ever <br>L-lisina &#8211; 160 comprimidos"},"content":{"rendered":"<p>La L-lisina es un amino\u00e1cido esencial que debe suministrarse al organismo a trav\u00e9s de los alimentos o como suplemento.<\/p>\n<ul>\n<li>Vegano<\/li>\n<li>Sin gluten<\/li>\n<li>Sin lactosa<\/li>\n<li>Sin OGM<\/li>\n<li>Fabricado seg\u00fan los estrictos est\u00e1ndares de calidad de la UE.<\/li>\n<\/ul>\n","protected":false},"excerpt":{"rendered":"<p>La L-lisina es un amino\u00e1cido esencial que debe suministrarse al organismo a trav\u00e9s de los alimentos o como suplemento. Vegano Sin gluten Sin lactosa Sin OGM Fabricado seg\u00fan los estrictos est\u00e1ndares de calidad de la UE.<\/p>\n","protected":false},"featured_media":50728,"template":"","meta":{"_acf_changed":false},"product_brand":[10219],"product_cat":[334,363],"product_tag":[],"class_list":{"0":"post-43151","1":"product","2":"type-product","3":"status-publish","4":"has-post-thumbnail","6":"product_brand-vit4ever-es","7":"product_cat-aminoacidos","8":"product_cat-productos-de-a-z","10":"first","11":"instock","12":"taxable","13":"shipping-taxable","14":"purchasable","15":"product-type-simple"},"acf":[],"_links":{"self":[{"href":"https:\/\/vitalstoffversand.com\/es\/wp-json\/wp\/v2\/product\/43151","targetHints":{"allow":["GET"]}}],"collection":[{"href":"https:\/\/vitalstoffversand.com\/es\/wp-json\/wp\/v2\/product"}],"about":[{"href":"https:\/\/vitalstoffversand.com\/es\/wp-json\/wp\/v2\/types\/product"}],"wp:featuredmedia":[{"embeddable":true,"href":"https:\/\/vitalstoffversand.com\/es\/wp-json\/wp\/v2\/media\/50728"}],"wp:attachment":[{"href":"https:\/\/vitalstoffversand.com\/es\/wp-json\/wp\/v2\/media?parent=43151"}],"wp:term":[{"taxonomy":"product_brand","embeddable":true,"href":"https:\/\/vitalstoffversand.com\/es\/wp-json\/wp\/v2\/product_brand?post=43151"},{"taxonomy":"product_cat","embeddable":true,"href":"https:\/\/vitalstoffversand.com\/es\/wp-json\/wp\/v2\/product_cat?post=43151"},{"taxonomy":"product_tag","embeddable":true,"href":"https:\/\/vitalstoffversand.com\/es\/wp-json\/wp\/v2\/product_tag?post=43151"}],"curies":[{"name":"wp","href":"https:\/\/api.w.org\/{rel}","templated":true}]}}