{"id":43097,"date":"2025-09-01T18:47:30","date_gmt":"2025-09-01T16:47:30","guid":{"rendered":"https:\/\/vitalstoffversand.com\/produkt\/vit4ever-curcuma-ecologica-365-capsulas\/"},"modified":"2026-03-12T17:05:47","modified_gmt":"2026-03-12T16:05:47","slug":"vit4ever-curcuma-ecologica-365-capsulas","status":"publish","type":"product","link":"https:\/\/vitalstoffversand.com\/es\/producto\/vit4ever-curcuma-ecologica-365-capsulas\/","title":{"rendered":"Vit4ever <br>C\u00farcuma ecol\u00f3gica + piperina ecol\u00f3gica &#8211; 365 c\u00e1psulas"},"content":{"rendered":"<p>La medicina india Ayurveda utiliza la c\u00farcuma como suplemento diet\u00e9tico desde hace m\u00e1s de 5000 a\u00f1os.<\/p>\n<p>En este producto, la piperina (extracto de pimienta negra) aumenta varias veces la biodisponibilidad de la c\u00farcuma, que adem\u00e1s de curcumina contiene otros valiosos ingredientes.<\/p>\n<ul>\n<li>Vegano<\/li>\n<li>Sin gluten<\/li>\n<li>Sin lactosa<\/li>\n<li>Sin OGM<\/li>\n<li>Fabricado seg\u00fan los estrictos est\u00e1ndares de calidad de la UE.<\/li>\n<\/ul>\n","protected":false},"excerpt":{"rendered":"<p>La medicina india Ayurveda utiliza la c\u00farcuma como suplemento diet\u00e9tico desde hace m\u00e1s de 5000 a\u00f1os. En este producto, la piperina (extracto de pimienta negra) aumenta varias veces la biodisponibilidad de la c\u00farcuma, que adem\u00e1s de curcumina contiene otros valiosos ingredientes. Vegano Sin gluten Sin lactosa Sin OGM Fabricado seg\u00fan los estrictos est\u00e1ndares de calidad [&hellip;]<\/p>\n","protected":false},"featured_media":50096,"template":"","meta":{"_acf_changed":false},"product_brand":[10219],"product_cat":[350,363],"product_tag":[],"class_list":{"0":"post-43097","1":"product","2":"type-product","3":"status-publish","4":"has-post-thumbnail","6":"product_brand-vit4ever-es","7":"product_cat-nutrientes","8":"product_cat-productos-de-a-z","10":"first","11":"instock","12":"taxable","13":"shipping-taxable","14":"purchasable","15":"product-type-simple"},"acf":[],"_links":{"self":[{"href":"https:\/\/vitalstoffversand.com\/es\/wp-json\/wp\/v2\/product\/43097","targetHints":{"allow":["GET"]}}],"collection":[{"href":"https:\/\/vitalstoffversand.com\/es\/wp-json\/wp\/v2\/product"}],"about":[{"href":"https:\/\/vitalstoffversand.com\/es\/wp-json\/wp\/v2\/types\/product"}],"wp:featuredmedia":[{"embeddable":true,"href":"https:\/\/vitalstoffversand.com\/es\/wp-json\/wp\/v2\/media\/50096"}],"wp:attachment":[{"href":"https:\/\/vitalstoffversand.com\/es\/wp-json\/wp\/v2\/media?parent=43097"}],"wp:term":[{"taxonomy":"product_brand","embeddable":true,"href":"https:\/\/vitalstoffversand.com\/es\/wp-json\/wp\/v2\/product_brand?post=43097"},{"taxonomy":"product_cat","embeddable":true,"href":"https:\/\/vitalstoffversand.com\/es\/wp-json\/wp\/v2\/product_cat?post=43097"},{"taxonomy":"product_tag","embeddable":true,"href":"https:\/\/vitalstoffversand.com\/es\/wp-json\/wp\/v2\/product_tag?post=43097"}],"curies":[{"name":"wp","href":"https:\/\/api.w.org\/{rel}","templated":true}]}}