{"id":40640,"date":"2025-08-15T15:21:25","date_gmt":"2025-08-15T13:21:25","guid":{"rendered":"https:\/\/vitalstoffversand.com\/?post_type=product&#038;p=40640"},"modified":"2026-03-16T15:04:13","modified_gmt":"2026-03-16T14:04:13","slug":"vit4ever-lactase-depot-diferentes-versiones-kopie","status":"publish","type":"product","link":"https:\/\/vitalstoffversand.com\/es\/producto\/vit4ever-lactase-depot-diferentes-versiones-kopie\/","title":{"rendered":"Vit4ever <br>Lactase Depot 22000 &#8211; 365 comprimidos"},"content":{"rendered":"<p>El Reglamento europeo sobre declaraciones de propiedades saludables confirma que <a href=\"https:\/\/vitalstoffversand.com\/knowledge-base\/lactase\/\" target=\"_blank\" rel=\"noopener\"><strong><span style=\"color: #0000ff;\">\u2192 la lactasa <\/span><\/strong><\/a>mejora la digesti\u00f3n de la lactosa en personas con problemas digestivos.<\/p>\n<p>La intolerancia a la lactosa es una reacci\u00f3n de intolerancia provocada por el consumo de lactosa (az\u00facar de la leche), que se encuentra principalmente en la leche y los productos l\u00e1cteos.<\/p>\n<p>La enzima lactasa descompone la lactosa en el intestino. De esta manera se evitan trastornos en el tracto digestivo.<\/p>\n<p>Con 22 000 unidades FCC, estas tabletas proporcionan una dosis elevada de lactasa.<\/p>\n<ul>\n<li>Vegano<\/li>\n<li>Sin gluten<\/li>\n<li>Sin lactosa<\/li>\n<li>Sin OGM<\/li>\n<li>Fabricado seg\u00fan los estrictos est\u00e1ndares de calidad de la UE.<\/li>\n<\/ul>\n","protected":false},"excerpt":{"rendered":"<p>El Reglamento europeo sobre declaraciones de propiedades saludables confirma que \u2192 la lactasa mejora la digesti\u00f3n de la lactosa en personas con problemas digestivos. La intolerancia a la lactosa es una reacci\u00f3n de intolerancia provocada por el consumo de lactosa (az\u00facar de la leche), que se encuentra principalmente en la leche y los productos l\u00e1cteos. [&hellip;]<\/p>\n","protected":false},"featured_media":55875,"template":"","meta":{"_acf_changed":false},"product_brand":[10219],"product_cat":[350,363],"product_tag":[],"class_list":{"0":"post-40640","1":"product","2":"type-product","3":"status-publish","4":"has-post-thumbnail","6":"product_brand-vit4ever-es","7":"product_cat-nutrientes","8":"product_cat-productos-de-a-z","10":"first","11":"instock","12":"taxable","13":"shipping-taxable","14":"purchasable","15":"product-type-simple"},"acf":[],"_links":{"self":[{"href":"https:\/\/vitalstoffversand.com\/es\/wp-json\/wp\/v2\/product\/40640","targetHints":{"allow":["GET"]}}],"collection":[{"href":"https:\/\/vitalstoffversand.com\/es\/wp-json\/wp\/v2\/product"}],"about":[{"href":"https:\/\/vitalstoffversand.com\/es\/wp-json\/wp\/v2\/types\/product"}],"wp:featuredmedia":[{"embeddable":true,"href":"https:\/\/vitalstoffversand.com\/es\/wp-json\/wp\/v2\/media\/55875"}],"wp:attachment":[{"href":"https:\/\/vitalstoffversand.com\/es\/wp-json\/wp\/v2\/media?parent=40640"}],"wp:term":[{"taxonomy":"product_brand","embeddable":true,"href":"https:\/\/vitalstoffversand.com\/es\/wp-json\/wp\/v2\/product_brand?post=40640"},{"taxonomy":"product_cat","embeddable":true,"href":"https:\/\/vitalstoffversand.com\/es\/wp-json\/wp\/v2\/product_cat?post=40640"},{"taxonomy":"product_tag","embeddable":true,"href":"https:\/\/vitalstoffversand.com\/es\/wp-json\/wp\/v2\/product_tag?post=40640"}],"curies":[{"name":"wp","href":"https:\/\/api.w.org\/{rel}","templated":true}]}}