{"id":39119,"date":"2025-06-11T14:37:47","date_gmt":"2025-06-11T12:37:47","guid":{"rendered":"https:\/\/vitalstoffversand.com\/?post_type=product&#038;p=39119"},"modified":"2026-03-12T14:15:46","modified_gmt":"2026-03-12T13:15:46","slug":"vit4ever-extracto-de-pasiflora-240-capsulas-kopie","status":"publish","type":"product","link":"https:\/\/vitalstoffversand.com\/es\/producto\/vit4ever-extracto-de-pasiflora-240-capsulas-kopie\/","title":{"rendered":"Vit4ever <br>Rutina &#8211; 180 c\u00e1psulas"},"content":{"rendered":"<p>La rutina es una sustancia vegetal secundaria del grupo de los flavonoides y se valora desde hace siglos en la bot\u00e1nica tradicional del este asi\u00e1tico.<\/p>\n<p>La rutina se obtiene del \u00e1rbol japon\u00e9s Sophora japonica.<\/p>\n<ul>\n<li>Vegano<\/li>\n<li>Sin gluten<\/li>\n<li>Sin lactosa<\/li>\n<li>Sin OGM<\/li>\n<li>Fabricado seg\u00fan los estrictos est\u00e1ndares de calidad de la UE.<\/li>\n<\/ul>\n","protected":false},"excerpt":{"rendered":"<p>La rutina es una sustancia vegetal secundaria del grupo de los flavonoides y se valora desde hace siglos en la bot\u00e1nica tradicional del este asi\u00e1tico. La rutina se obtiene del \u00e1rbol japon\u00e9s Sophora japonica. Vegano Sin gluten Sin lactosa Sin OGM Fabricado seg\u00fan los estrictos est\u00e1ndares de calidad de la UE.<\/p>\n","protected":false},"featured_media":49216,"template":"","meta":{"_acf_changed":false},"product_brand":[10219],"product_cat":[350,363],"product_tag":[],"class_list":{"0":"post-39119","1":"product","2":"type-product","3":"status-publish","4":"has-post-thumbnail","6":"product_brand-vit4ever-es","7":"product_cat-nutrientes","8":"product_cat-productos-de-a-z","10":"first","11":"instock","12":"taxable","13":"shipping-taxable","14":"purchasable","15":"product-type-simple"},"acf":[],"_links":{"self":[{"href":"https:\/\/vitalstoffversand.com\/es\/wp-json\/wp\/v2\/product\/39119","targetHints":{"allow":["GET"]}}],"collection":[{"href":"https:\/\/vitalstoffversand.com\/es\/wp-json\/wp\/v2\/product"}],"about":[{"href":"https:\/\/vitalstoffversand.com\/es\/wp-json\/wp\/v2\/types\/product"}],"wp:featuredmedia":[{"embeddable":true,"href":"https:\/\/vitalstoffversand.com\/es\/wp-json\/wp\/v2\/media\/49216"}],"wp:attachment":[{"href":"https:\/\/vitalstoffversand.com\/es\/wp-json\/wp\/v2\/media?parent=39119"}],"wp:term":[{"taxonomy":"product_brand","embeddable":true,"href":"https:\/\/vitalstoffversand.com\/es\/wp-json\/wp\/v2\/product_brand?post=39119"},{"taxonomy":"product_cat","embeddable":true,"href":"https:\/\/vitalstoffversand.com\/es\/wp-json\/wp\/v2\/product_cat?post=39119"},{"taxonomy":"product_tag","embeddable":true,"href":"https:\/\/vitalstoffversand.com\/es\/wp-json\/wp\/v2\/product_tag?post=39119"}],"curies":[{"name":"wp","href":"https:\/\/api.w.org\/{rel}","templated":true}]}}