{"id":27346,"date":"2025-01-14T11:23:59","date_gmt":"2025-01-14T10:23:59","guid":{"rendered":"https:\/\/vitalstoffversand.com\/produkt\/vit4ever-aceite-de-comino-negro-ecologico-240-capsulas\/"},"modified":"2026-03-16T16:14:42","modified_gmt":"2026-03-16T15:14:42","slug":"vit4ever-aceite-de-comino-negro-ecologico-240-capsulas","status":"publish","type":"product","link":"https:\/\/vitalstoffversand.com\/es\/producto\/vit4ever-aceite-de-comino-negro-ecologico-240-capsulas\/","title":{"rendered":"Vit4ever <br>Aceite de comino negro ecol\u00f3gico &#8211; 240 c\u00e1psulas"},"content":{"rendered":"<div id=\"tab-description\" class=\"woocommerce-Tabs-panel woocommerce-Tabs-panel--description panel entry-content wc-tab\" role=\"tabpanel\" aria-labelledby=\"tab-title-description\">El aceite de comino negro ecol\u00f3gico se obtiene por presi\u00f3n en fr\u00edo y es un condimento popular no s\u00f3lo por su alto contenido en \u00e1cido linoleico.<\/div>\n<div role=\"tabpanel\" aria-labelledby=\"tab-title-description\"><\/div>\n<div role=\"tabpanel\" aria-labelledby=\"tab-title-description\">Ofrece una gran variedad de nutrientes saludables y tambi\u00e9n es cada vez m\u00e1s popular en Europa.<\/div>\n<div role=\"tabpanel\" aria-labelledby=\"tab-title-description\"><\/div>\n<div class=\"woocommerce-Tabs-panel woocommerce-Tabs-panel--description panel entry-content wc-tab\" role=\"tabpanel\" aria-labelledby=\"tab-title-description\">\n<ul>\n<li>Vegano<\/li>\n<li>Sin gluten<\/li>\n<li>Sin lactosa<\/li>\n<li>Sin OGM<\/li>\n<li>Fabricado seg\u00fan los estrictos est\u00e1ndares de calidad de la UE.<\/li>\n<\/ul>\n<\/div>\n","protected":false},"excerpt":{"rendered":"<p>El aceite de comino negro ecol\u00f3gico se obtiene por presi\u00f3n en fr\u00edo y es un condimento popular no s\u00f3lo por su alto contenido en \u00e1cido linoleico. Ofrece una gran variedad de nutrientes saludables y tambi\u00e9n es cada vez m\u00e1s popular en Europa. Vegano Sin gluten Sin lactosa Sin OGM Fabricado seg\u00fan los estrictos est\u00e1ndares de [&hellip;]<\/p>\n","protected":false},"featured_media":56763,"template":"","meta":{"_acf_changed":false},"product_brand":[10219],"product_cat":[335,303,363],"product_tag":[],"class_list":{"0":"post-27346","1":"product","2":"type-product","3":"status-publish","4":"has-post-thumbnail","6":"product_brand-vit4ever-es","7":"product_cat-acidos-grasos","8":"product_cat-ecologico","9":"product_cat-productos-de-a-z","11":"first","12":"instock","13":"taxable","14":"shipping-taxable","15":"purchasable","16":"product-type-simple"},"acf":[],"_links":{"self":[{"href":"https:\/\/vitalstoffversand.com\/es\/wp-json\/wp\/v2\/product\/27346","targetHints":{"allow":["GET"]}}],"collection":[{"href":"https:\/\/vitalstoffversand.com\/es\/wp-json\/wp\/v2\/product"}],"about":[{"href":"https:\/\/vitalstoffversand.com\/es\/wp-json\/wp\/v2\/types\/product"}],"wp:featuredmedia":[{"embeddable":true,"href":"https:\/\/vitalstoffversand.com\/es\/wp-json\/wp\/v2\/media\/56763"}],"wp:attachment":[{"href":"https:\/\/vitalstoffversand.com\/es\/wp-json\/wp\/v2\/media?parent=27346"}],"wp:term":[{"taxonomy":"product_brand","embeddable":true,"href":"https:\/\/vitalstoffversand.com\/es\/wp-json\/wp\/v2\/product_brand?post=27346"},{"taxonomy":"product_cat","embeddable":true,"href":"https:\/\/vitalstoffversand.com\/es\/wp-json\/wp\/v2\/product_cat?post=27346"},{"taxonomy":"product_tag","embeddable":true,"href":"https:\/\/vitalstoffversand.com\/es\/wp-json\/wp\/v2\/product_tag?post=27346"}],"curies":[{"name":"wp","href":"https:\/\/api.w.org\/{rel}","templated":true}]}}