{"id":27339,"date":"2025-01-05T16:11:26","date_gmt":"2025-01-05T15:11:26","guid":{"rendered":"https:\/\/vitalstoffversand.com\/produkt\/vit4ever-lecitina-300-capsulas\/"},"modified":"2026-03-16T15:54:24","modified_gmt":"2026-03-16T14:54:24","slug":"vit4ever-lecitina-300-capsulas","status":"publish","type":"product","link":"https:\/\/vitalstoffversand.com\/es\/producto\/vit4ever-lecitina-300-capsulas\/","title":{"rendered":"Vit4ever <br>Lecitina &#8211; 300 c\u00e1psulas"},"content":{"rendered":"<div id=\"tab-description\" class=\"woocommerce-Tabs-panel woocommerce-Tabs-panel--description panel entry-content wc-tab\" role=\"tabpanel\" aria-labelledby=\"tab-title-description\">\n<p>Las c\u00e1psulas de lecitina de soja de Vit4ever se caracterizan por un contenido elevado y diferenciado de fosf\u00e1tidos (fosfatidilcolina, fosfatidiletanolamina, fosfatidilinositol, \u00e1cido fosf\u00e1tico).<\/p>\n<p>La lecitina es una valiosa fuente de fosfol\u00edpidos y tambi\u00e9n es conocida por su propiedad como emulsionante, es decir, puede unir las grasas con el agua.<\/p>\n<ul>\n<li>Sin gluten<\/li>\n<li>Sin lactosa<\/li>\n<li>Sin OGM<\/li>\n<li>Fabricado seg\u00fan los estrictos est\u00e1ndares de calidad de la UE.<\/li>\n<\/ul>\n<\/div>\n","protected":false},"excerpt":{"rendered":"<p>Las c\u00e1psulas de lecitina de soja de Vit4ever se caracterizan por un contenido elevado y diferenciado de fosf\u00e1tidos (fosfatidilcolina, fosfatidiletanolamina, fosfatidilinositol, \u00e1cido fosf\u00e1tico). La lecitina es una valiosa fuente de fosfol\u00edpidos y tambi\u00e9n es conocida por su propiedad como emulsionante, es decir, puede unir las grasas con el agua. Sin gluten Sin lactosa Sin OGM [&hellip;]<\/p>\n","protected":false},"featured_media":56563,"template":"","meta":{"_acf_changed":false},"product_brand":[10219],"product_cat":[350,363],"product_tag":[],"class_list":{"0":"post-27339","1":"product","2":"type-product","3":"status-publish","4":"has-post-thumbnail","6":"product_brand-vit4ever-es","7":"product_cat-nutrientes","8":"product_cat-productos-de-a-z","10":"first","11":"instock","12":"taxable","13":"shipping-taxable","14":"purchasable","15":"product-type-simple"},"acf":[],"_links":{"self":[{"href":"https:\/\/vitalstoffversand.com\/es\/wp-json\/wp\/v2\/product\/27339","targetHints":{"allow":["GET"]}}],"collection":[{"href":"https:\/\/vitalstoffversand.com\/es\/wp-json\/wp\/v2\/product"}],"about":[{"href":"https:\/\/vitalstoffversand.com\/es\/wp-json\/wp\/v2\/types\/product"}],"wp:featuredmedia":[{"embeddable":true,"href":"https:\/\/vitalstoffversand.com\/es\/wp-json\/wp\/v2\/media\/56563"}],"wp:attachment":[{"href":"https:\/\/vitalstoffversand.com\/es\/wp-json\/wp\/v2\/media?parent=27339"}],"wp:term":[{"taxonomy":"product_brand","embeddable":true,"href":"https:\/\/vitalstoffversand.com\/es\/wp-json\/wp\/v2\/product_brand?post=27339"},{"taxonomy":"product_cat","embeddable":true,"href":"https:\/\/vitalstoffversand.com\/es\/wp-json\/wp\/v2\/product_cat?post=27339"},{"taxonomy":"product_tag","embeddable":true,"href":"https:\/\/vitalstoffversand.com\/es\/wp-json\/wp\/v2\/product_tag?post=27339"}],"curies":[{"name":"wp","href":"https:\/\/api.w.org\/{rel}","templated":true}]}}