{"id":27330,"date":"2025-01-02T18:14:23","date_gmt":"2025-01-02T17:14:23","guid":{"rendered":"https:\/\/vitalstoffversand.com\/produkt\/vit4ever-colageno-plus-diferentes-variedades-500-g\/"},"modified":"2026-03-11T18:31:50","modified_gmt":"2026-03-11T17:31:50","slug":"vit4ever-colageno-plus-diferentes-variedades-500-g","status":"publish","type":"product","link":"https:\/\/vitalstoffversand.com\/es\/producto\/vit4ever-colageno-plus-diferentes-variedades-500-g\/","title":{"rendered":"Vit4ever <br>Col\u00e1geno Plus &#8211; diferentes sabores &#8211; 500 g"},"content":{"rendered":"<p>Collagen Plus es una combinaci\u00f3n perfecta de p\u00e9ptidos de col\u00e1geno bioactivos, complementados con MSM (metilsulfonilmetano), \u00e1cido hialur\u00f3nico, glucosamina y extracto de incienso.<\/p>\n<p>Al mismo tiempo, te aporta <a href=\"https:\/\/vitalstoffversand.com\/knowledge-base\/vitamin-c\/\" target=\"_blank\" rel=\"noopener\"><span style=\"color: #0000ff;\"><strong>\u2192 Vitamina C<\/strong><\/span><\/a>, <a href=\"https:\/\/vitalstoffversand.com\/knowledge-base\/vitamin-d\/\" target=\"_blank\" rel=\"noopener\"><strong><span style=\"color: #0000ff;\">\u2192 vitamina D<\/span><\/strong><\/a>, <a href=\"https:\/\/vitalstoffversand.com\/knowledge-base\/calcium\/\" target=\"_blank\" rel=\"noopener\"><strong><span style=\"color: #0000ff;\">\u2192 calcio<\/span><\/strong><\/a> y <a href=\"https:\/\/vitalstoffversand.com\/knowledge-base\/mangan\/\" target=\"_blank\" rel=\"noopener\"><span style=\"color: #0000ff;\"><strong>\u2192 manganeso<\/strong><\/span><\/a>.<\/p>\n<p>Con 3 deliciosos sabores, hay para todos los gustos.<\/p>\n<ul>\n<li>Sin gluten<\/li>\n<li>Sin lactosa<\/li>\n<li>Sin OGM<\/li>\n<li>Fabricado seg\u00fan los estrictos est\u00e1ndares de calidad de la UE.<\/li>\n<\/ul>\n","protected":false},"excerpt":{"rendered":"<p>Collagen Plus es una combinaci\u00f3n perfecta de p\u00e9ptidos de col\u00e1geno bioactivos, complementados con MSM (metilsulfonilmetano), \u00e1cido hialur\u00f3nico, glucosamina y extracto de incienso. Al mismo tiempo, te aporta \u2192 Vitamina C, \u2192 vitamina D, \u2192 calcio y \u2192 manganeso. Con 3 deliciosos sabores, hay para todos los gustos. Sin gluten Sin lactosa Sin OGM Fabricado seg\u00fan [&hellip;]<\/p>\n","protected":false},"featured_media":56403,"template":"","meta":{"_acf_changed":false},"product_brand":[10219],"product_cat":[343,363],"product_tag":[],"class_list":{"0":"post-27330","1":"product","2":"type-product","3":"status-publish","4":"has-post-thumbnail","6":"product_brand-vit4ever-es","7":"product_cat-proteinas","8":"product_cat-productos-de-a-z","10":"first","11":"instock","12":"taxable","13":"shipping-taxable","14":"purchasable","15":"product-type-variable"},"acf":[],"_links":{"self":[{"href":"https:\/\/vitalstoffversand.com\/es\/wp-json\/wp\/v2\/product\/27330","targetHints":{"allow":["GET"]}}],"collection":[{"href":"https:\/\/vitalstoffversand.com\/es\/wp-json\/wp\/v2\/product"}],"about":[{"href":"https:\/\/vitalstoffversand.com\/es\/wp-json\/wp\/v2\/types\/product"}],"wp:featuredmedia":[{"embeddable":true,"href":"https:\/\/vitalstoffversand.com\/es\/wp-json\/wp\/v2\/media\/56403"}],"wp:attachment":[{"href":"https:\/\/vitalstoffversand.com\/es\/wp-json\/wp\/v2\/media?parent=27330"}],"wp:term":[{"taxonomy":"product_brand","embeddable":true,"href":"https:\/\/vitalstoffversand.com\/es\/wp-json\/wp\/v2\/product_brand?post=27330"},{"taxonomy":"product_cat","embeddable":true,"href":"https:\/\/vitalstoffversand.com\/es\/wp-json\/wp\/v2\/product_cat?post=27330"},{"taxonomy":"product_tag","embeddable":true,"href":"https:\/\/vitalstoffversand.com\/es\/wp-json\/wp\/v2\/product_tag?post=27330"}],"curies":[{"name":"wp","href":"https:\/\/api.w.org\/{rel}","templated":true}]}}