{"id":27319,"date":"2024-12-16T16:00:54","date_gmt":"2024-12-16T15:00:54","guid":{"rendered":"https:\/\/vitalstoffversand.com\/produkt\/vit4ever-colageno-marino-pescado-300-comprimidos\/"},"modified":"2026-03-16T15:46:01","modified_gmt":"2026-03-16T14:46:01","slug":"vit4ever-colageno-marino-pescado-300-comprimidos","status":"publish","type":"product","link":"https:\/\/vitalstoffversand.com\/es\/producto\/vit4ever-colageno-marino-pescado-300-comprimidos\/","title":{"rendered":"Vit4ever <br>Col\u00e1geno marino (pescado) &#8211; 300 comprimidos"},"content":{"rendered":"<p>Los p\u00e9ptidos de col\u00e1geno (hidrolizado) de pescado aportan col\u00e1geno de tipo I y tienen una biodisponibilidad y eficacia excelentes.<\/p>\n<p>Favorece la piel, el cabello, las articulaciones, los cart\u00edlagos y el tejido conjuntivo.<\/p>\n<ul>\n<li>Sin gluten<\/li>\n<li>Sin lactosa<\/li>\n<li>Sin OGM<\/li>\n<li>Fabricado seg\u00fan los estrictos est\u00e1ndares de calidad de la UE.<\/li>\n<\/ul>\n","protected":false},"excerpt":{"rendered":"<p>Los p\u00e9ptidos de col\u00e1geno (hidrolizado) de pescado aportan col\u00e1geno de tipo I y tienen una biodisponibilidad y eficacia excelentes. Favorece la piel, el cabello, las articulaciones, los cart\u00edlagos y el tejido conjuntivo. Sin gluten Sin lactosa Sin OGM Fabricado seg\u00fan los estrictos est\u00e1ndares de calidad de la UE.<\/p>\n","protected":false},"featured_media":56363,"template":"","meta":{"_acf_changed":false},"product_brand":[10219],"product_cat":[343,363],"product_tag":[],"class_list":{"0":"post-27319","1":"product","2":"type-product","3":"status-publish","4":"has-post-thumbnail","6":"product_brand-vit4ever-es","7":"product_cat-proteinas","8":"product_cat-productos-de-a-z","10":"first","11":"instock","12":"taxable","13":"shipping-taxable","14":"purchasable","15":"product-type-simple"},"acf":[],"_links":{"self":[{"href":"https:\/\/vitalstoffversand.com\/es\/wp-json\/wp\/v2\/product\/27319","targetHints":{"allow":["GET"]}}],"collection":[{"href":"https:\/\/vitalstoffversand.com\/es\/wp-json\/wp\/v2\/product"}],"about":[{"href":"https:\/\/vitalstoffversand.com\/es\/wp-json\/wp\/v2\/types\/product"}],"wp:featuredmedia":[{"embeddable":true,"href":"https:\/\/vitalstoffversand.com\/es\/wp-json\/wp\/v2\/media\/56363"}],"wp:attachment":[{"href":"https:\/\/vitalstoffversand.com\/es\/wp-json\/wp\/v2\/media?parent=27319"}],"wp:term":[{"taxonomy":"product_brand","embeddable":true,"href":"https:\/\/vitalstoffversand.com\/es\/wp-json\/wp\/v2\/product_brand?post=27319"},{"taxonomy":"product_cat","embeddable":true,"href":"https:\/\/vitalstoffversand.com\/es\/wp-json\/wp\/v2\/product_cat?post=27319"},{"taxonomy":"product_tag","embeddable":true,"href":"https:\/\/vitalstoffversand.com\/es\/wp-json\/wp\/v2\/product_tag?post=27319"}],"curies":[{"name":"wp","href":"https:\/\/api.w.org\/{rel}","templated":true}]}}