{"id":27310,"date":"2024-12-16T14:54:22","date_gmt":"2024-12-16T13:54:22","guid":{"rendered":"https:\/\/vitalstoffversand.com\/produkt\/vit4ever-vinagre-de-sidra-de-manzana-365-comprimidos\/"},"modified":"2026-03-16T15:38:27","modified_gmt":"2026-03-16T14:38:27","slug":"vit4ever-vinagre-de-sidra-de-manzana-365-comprimidos","status":"publish","type":"product","link":"https:\/\/vitalstoffversand.com\/es\/producto\/vit4ever-vinagre-de-sidra-de-manzana-365-comprimidos\/","title":{"rendered":"Vit4ever <br>Vinagre de sidra de manzana &#8211; 365 comprimidos"},"content":{"rendered":"<p>El vinagre de sidra de manzana se produce mediante la fermentaci\u00f3n de manzanas y normalmente se utiliza en forma l\u00edquida tanto en la cocina como suplemento diet\u00e9tico.<\/p>\n<p>Si no le gusta o no tolera el vinagre de sidra de manzana l\u00edquido, puede pasarse a la forma en comprimidos.<\/p>\n<ul>\n<li>Vegano<\/li>\n<li>Sin gluten<\/li>\n<li>Sin lactosa<\/li>\n<li>Sin OGM<\/li>\n<li>Fabricado seg\u00fan los estrictos est\u00e1ndares de calidad de la UE.<\/li>\n<\/ul>\n","protected":false},"excerpt":{"rendered":"<p>El vinagre de sidra de manzana se produce mediante la fermentaci\u00f3n de manzanas y normalmente se utiliza en forma l\u00edquida tanto en la cocina como suplemento diet\u00e9tico. Si no le gusta o no tolera el vinagre de sidra de manzana l\u00edquido, puede pasarse a la forma en comprimidos. Vegano Sin gluten Sin lactosa Sin OGM [&hellip;]<\/p>\n","protected":false},"featured_media":56107,"template":"","meta":{"_acf_changed":false},"product_brand":[10219],"product_cat":[350,363],"product_tag":[],"class_list":{"0":"post-27310","1":"product","2":"type-product","3":"status-publish","4":"has-post-thumbnail","6":"product_brand-vit4ever-es","7":"product_cat-nutrientes","8":"product_cat-productos-de-a-z","10":"first","11":"instock","12":"taxable","13":"shipping-taxable","14":"purchasable","15":"product-type-simple"},"acf":[],"_links":{"self":[{"href":"https:\/\/vitalstoffversand.com\/es\/wp-json\/wp\/v2\/product\/27310","targetHints":{"allow":["GET"]}}],"collection":[{"href":"https:\/\/vitalstoffversand.com\/es\/wp-json\/wp\/v2\/product"}],"about":[{"href":"https:\/\/vitalstoffversand.com\/es\/wp-json\/wp\/v2\/types\/product"}],"wp:featuredmedia":[{"embeddable":true,"href":"https:\/\/vitalstoffversand.com\/es\/wp-json\/wp\/v2\/media\/56107"}],"wp:attachment":[{"href":"https:\/\/vitalstoffversand.com\/es\/wp-json\/wp\/v2\/media?parent=27310"}],"wp:term":[{"taxonomy":"product_brand","embeddable":true,"href":"https:\/\/vitalstoffversand.com\/es\/wp-json\/wp\/v2\/product_brand?post=27310"},{"taxonomy":"product_cat","embeddable":true,"href":"https:\/\/vitalstoffversand.com\/es\/wp-json\/wp\/v2\/product_cat?post=27310"},{"taxonomy":"product_tag","embeddable":true,"href":"https:\/\/vitalstoffversand.com\/es\/wp-json\/wp\/v2\/product_tag?post=27310"}],"curies":[{"name":"wp","href":"https:\/\/api.w.org\/{rel}","templated":true}]}}