{"id":27307,"date":"2024-12-16T14:03:41","date_gmt":"2024-12-16T13:03:41","guid":{"rendered":"https:\/\/vitalstoffversand.com\/produkt\/vit4ever-zinc-complex-365-comprimidos-diferentes-variantes\/"},"modified":"2026-03-16T15:23:42","modified_gmt":"2026-03-16T14:23:42","slug":"vit4ever-zinc-complex-365-comprimidos-diferentes-variantes","status":"publish","type":"product","link":"https:\/\/vitalstoffversand.com\/es\/producto\/vit4ever-zinc-complex-365-comprimidos-diferentes-variantes\/","title":{"rendered":"Vit4ever <br>Zink Komplex 15 mg &#8211; 365 Tabletten"},"content":{"rendered":"<p><a href=\"https:\/\/vitalstoffversand.com\/knowledge-base\/zink\/\" target=\"_blank\" rel=\"noopener\"><span style=\"color: #0000ff;\"><strong>\u2192 El zinc<\/strong><\/span><\/a> es un oligoelemento sumamente importante para nuestro organismo.<\/p>\n<p>El complejo de zinc combina tres fuentes diferentes de zinc \u2014bisglicinato de zinc, gluconato de zinc y citrato de zinc\u2014 y, en este producto, aporta 15 mg de zinc.<br \/>\nComo alternativa, tambi\u00e9n hay disponible una <span style=\"color: #0000ff;\"><a href=\"https:\/\/vitalstoffversand.com\/produkt\/vit4ever-zink-komplex-25-mg-400-tabletten\/\">variante con 25 mg de zinc<\/a><\/span>, que combina tres fuentes diferentes de zinc: bisglicinato de zinc, gluconato de zinc y citrato de zinc.<\/p>\n<p>El zinc es un componente b\u00e1sico de m\u00e1s de 50 enzimas de nuestro organismo y tambi\u00e9n desempe\u00f1a un papel importante en numerosos procesos metab\u00f3licos.<\/p>\n<p>Tambi\u00e9n refuerza nuestro sistema inmunitario, favorece la s\u00edntesis de prote\u00ednas y puede aumentar la producci\u00f3n de esperma en los hombres.<\/p>\n<ul>\n<li>Vegano<\/li>\n<li>Sin gluten<\/li>\n<li>Sin lactosa<\/li>\n<li>Sin OGM<\/li>\n<li>Fabricado seg\u00fan los estrictos est\u00e1ndares de calidad de la UE.<\/li>\n<\/ul>\n","protected":false},"excerpt":{"rendered":"<p>\u2192 El zinc es un oligoelemento sumamente importante para nuestro organismo. El complejo de zinc combina tres fuentes diferentes de zinc \u2014bisglicinato de zinc, gluconato de zinc y citrato de zinc\u2014 y, en este producto, aporta 15 mg de zinc. Como alternativa, tambi\u00e9n hay disponible una variante con 25 mg de zinc, que combina tres [&hellip;]<\/p>\n","protected":false},"featured_media":56027,"template":"","meta":{"_acf_changed":false},"product_brand":[10219],"product_cat":[342,363],"product_tag":[],"class_list":{"0":"post-27307","1":"product","2":"type-product","3":"status-publish","4":"has-post-thumbnail","6":"product_brand-vit4ever-es","7":"product_cat-minerales-y-oligoelementos","8":"product_cat-productos-de-a-z","10":"first","11":"instock","12":"taxable","13":"shipping-taxable","14":"purchasable","15":"product-type-simple"},"acf":[],"_links":{"self":[{"href":"https:\/\/vitalstoffversand.com\/es\/wp-json\/wp\/v2\/product\/27307","targetHints":{"allow":["GET"]}}],"collection":[{"href":"https:\/\/vitalstoffversand.com\/es\/wp-json\/wp\/v2\/product"}],"about":[{"href":"https:\/\/vitalstoffversand.com\/es\/wp-json\/wp\/v2\/types\/product"}],"wp:featuredmedia":[{"embeddable":true,"href":"https:\/\/vitalstoffversand.com\/es\/wp-json\/wp\/v2\/media\/56027"}],"wp:attachment":[{"href":"https:\/\/vitalstoffversand.com\/es\/wp-json\/wp\/v2\/media?parent=27307"}],"wp:term":[{"taxonomy":"product_brand","embeddable":true,"href":"https:\/\/vitalstoffversand.com\/es\/wp-json\/wp\/v2\/product_brand?post=27307"},{"taxonomy":"product_cat","embeddable":true,"href":"https:\/\/vitalstoffversand.com\/es\/wp-json\/wp\/v2\/product_cat?post=27307"},{"taxonomy":"product_tag","embeddable":true,"href":"https:\/\/vitalstoffversand.com\/es\/wp-json\/wp\/v2\/product_tag?post=27307"}],"curies":[{"name":"wp","href":"https:\/\/api.w.org\/{rel}","templated":true}]}}