{"id":27253,"date":"2024-11-11T18:23:18","date_gmt":"2024-11-11T17:23:18","guid":{"rendered":"https:\/\/vitalstoffversand.com\/produkt\/vit4ever-saborizante-en-polvo-flavour-craft-250-g-diferentes-sabores\/"},"modified":"2026-03-16T14:32:36","modified_gmt":"2026-03-16T13:32:36","slug":"vit4ever-saborizante-en-polvo-flavour-craft-250-g-diferentes-sabores","status":"publish","type":"product","link":"https:\/\/vitalstoffversand.com\/es\/producto\/vit4ever-saborizante-en-polvo-flavour-craft-250-g-diferentes-sabores\/","title":{"rendered":"Vit4ever <br>Saborizante en polvo Flavour Craft &#8211; 250 g &#8211; diferentes sabores"},"content":{"rendered":"<p>Lleve su comida a un nuevo nivel con el intenso sabor y la variada selecci\u00f3n de los polvos de sabor Flavor Craft.<\/p>\n<p>Elige entre 15 sabores y dale un toque especial a tus bebidas, batidos de prote\u00ednas, batidos de frutas, muesli, yogur, productos de panader\u00eda o postres.<\/p>\n<ul>\n<li>Vegetariano<\/li>\n<li>Fabricado seg\u00fan los estrictos est\u00e1ndares de calidad de la UE.<\/li>\n<\/ul>\n","protected":false},"excerpt":{"rendered":"<p>Lleve su comida a un nuevo nivel con el intenso sabor y la variada selecci\u00f3n de los polvos de sabor Flavor Craft. Elige entre 15 sabores y dale un toque especial a tus bebidas, batidos de prote\u00ednas, batidos de frutas, muesli, yogur, productos de panader\u00eda o postres. Vegetariano Fabricado seg\u00fan los estrictos est\u00e1ndares de calidad [&hellip;]<\/p>\n","protected":false},"featured_media":55675,"template":"","meta":{"_acf_changed":false},"product_brand":[10219],"product_cat":[327,363],"product_tag":[],"class_list":{"0":"post-27253","1":"product","2":"type-product","3":"status-publish","4":"has-post-thumbnail","6":"product_brand-vit4ever-es","7":"product_cat-cocinar-y-picar","8":"product_cat-productos-de-a-z","10":"first","11":"instock","12":"taxable","13":"shipping-taxable","14":"purchasable","15":"product-type-variable"},"acf":[],"_links":{"self":[{"href":"https:\/\/vitalstoffversand.com\/es\/wp-json\/wp\/v2\/product\/27253","targetHints":{"allow":["GET"]}}],"collection":[{"href":"https:\/\/vitalstoffversand.com\/es\/wp-json\/wp\/v2\/product"}],"about":[{"href":"https:\/\/vitalstoffversand.com\/es\/wp-json\/wp\/v2\/types\/product"}],"wp:featuredmedia":[{"embeddable":true,"href":"https:\/\/vitalstoffversand.com\/es\/wp-json\/wp\/v2\/media\/55675"}],"wp:attachment":[{"href":"https:\/\/vitalstoffversand.com\/es\/wp-json\/wp\/v2\/media?parent=27253"}],"wp:term":[{"taxonomy":"product_brand","embeddable":true,"href":"https:\/\/vitalstoffversand.com\/es\/wp-json\/wp\/v2\/product_brand?post=27253"},{"taxonomy":"product_cat","embeddable":true,"href":"https:\/\/vitalstoffversand.com\/es\/wp-json\/wp\/v2\/product_cat?post=27253"},{"taxonomy":"product_tag","embeddable":true,"href":"https:\/\/vitalstoffversand.com\/es\/wp-json\/wp\/v2\/product_tag?post=27253"}],"curies":[{"name":"wp","href":"https:\/\/api.w.org\/{rel}","templated":true}]}}