{"id":27229,"date":"2024-11-11T18:21:04","date_gmt":"2024-11-11T17:21:04","guid":{"rendered":"https:\/\/vitalstoffversand.com\/produkt\/vit4ever-polvo-electrolitico-200-g-diferentes-variantes\/"},"modified":"2026-03-16T13:48:50","modified_gmt":"2026-03-16T12:48:50","slug":"vit4ever-polvo-electrolitico-200-g-diferentes-variantes","status":"publish","type":"product","link":"https:\/\/vitalstoffversand.com\/es\/producto\/vit4ever-polvo-electrolitico-200-g-diferentes-variantes\/","title":{"rendered":"Vit4ever <br>Electrolitos en polvo &#8211; 200 g &#8211; diferentes sabores"},"content":{"rendered":"<p>La f\u00f3rmula de hidrataci\u00f3n con electrolitos en polvo es una forma sabrosa y eficaz para que los deportistas, los aficionados al fitness y cualquier otra persona optimicen su equilibrio h\u00eddrico y prevengan la deshidrataci\u00f3n.<\/p>\n<p>El producto tambi\u00e9n est\u00e1 disponible en un formato m\u00e1s grande, de 400 gramos.<\/p>\n<ul>\n<li>Vegano<\/li>\n<li>Sin gluten<\/li>\n<li>Sin lactosa<\/li>\n<li>Sin az\u00facar<\/li>\n<li>Sin OGM<\/li>\n<li>Fabricado seg\u00fan los estrictos est\u00e1ndares de calidad de la UE.<\/li>\n<\/ul>\n","protected":false},"excerpt":{"rendered":"<p>La f\u00f3rmula de hidrataci\u00f3n con electrolitos en polvo es una forma sabrosa y eficaz para que los deportistas, los aficionados al fitness y cualquier otra persona optimicen su equilibrio h\u00eddrico y prevengan la deshidrataci\u00f3n. El producto tambi\u00e9n est\u00e1 disponible en un formato m\u00e1s grande, de 400 gramos. Vegano Sin gluten Sin lactosa Sin az\u00facar Sin [&hellip;]<\/p>\n","protected":false},"featured_media":55539,"template":"","meta":{"_acf_changed":false},"product_brand":[10219],"product_cat":[342,363],"product_tag":[],"class_list":{"0":"post-27229","1":"product","2":"type-product","3":"status-publish","4":"has-post-thumbnail","6":"product_brand-vit4ever-es","7":"product_cat-minerales-y-oligoelementos","8":"product_cat-productos-de-a-z","10":"first","11":"instock","12":"taxable","13":"shipping-taxable","14":"purchasable","15":"product-type-variable"},"acf":[],"_links":{"self":[{"href":"https:\/\/vitalstoffversand.com\/es\/wp-json\/wp\/v2\/product\/27229","targetHints":{"allow":["GET"]}}],"collection":[{"href":"https:\/\/vitalstoffversand.com\/es\/wp-json\/wp\/v2\/product"}],"about":[{"href":"https:\/\/vitalstoffversand.com\/es\/wp-json\/wp\/v2\/types\/product"}],"wp:featuredmedia":[{"embeddable":true,"href":"https:\/\/vitalstoffversand.com\/es\/wp-json\/wp\/v2\/media\/55539"}],"wp:attachment":[{"href":"https:\/\/vitalstoffversand.com\/es\/wp-json\/wp\/v2\/media?parent=27229"}],"wp:term":[{"taxonomy":"product_brand","embeddable":true,"href":"https:\/\/vitalstoffversand.com\/es\/wp-json\/wp\/v2\/product_brand?post=27229"},{"taxonomy":"product_cat","embeddable":true,"href":"https:\/\/vitalstoffversand.com\/es\/wp-json\/wp\/v2\/product_cat?post=27229"},{"taxonomy":"product_tag","embeddable":true,"href":"https:\/\/vitalstoffversand.com\/es\/wp-json\/wp\/v2\/product_tag?post=27229"}],"curies":[{"name":"wp","href":"https:\/\/api.w.org\/{rel}","templated":true}]}}