{"id":27228,"date":"2024-11-11T18:16:08","date_gmt":"2024-11-11T17:16:08","guid":{"rendered":"https:\/\/vitalstoffversand.com\/produkt\/vit4ever-taurina-240-capsulas\/"},"modified":"2026-03-16T12:52:28","modified_gmt":"2026-03-16T11:52:28","slug":"vit4ever-taurina-240-capsulas","status":"publish","type":"product","link":"https:\/\/vitalstoffversand.com\/es\/producto\/vit4ever-taurina-240-capsulas\/","title":{"rendered":"Vit4ever <br>Taurina &#8211; 240 c\u00e1psulas"},"content":{"rendered":"<p>La taurina desempe\u00f1a un papel importante en el cuerpo humano para la salud cardiovascular, la funci\u00f3n cerebral, la contracci\u00f3n muscular y la protecci\u00f3n antioxidante, pero se encuentra principalmente en los alimentos de origen animal.<\/p>\n<p>Est\u00e1 presente en altas concentraciones en el cerebro, la retina, el m\u00fasculo card\u00edaco y las plaquetas sangu\u00edneas.<\/p>\n<p>Muchas personas tambi\u00e9n conocen la taurina como aditivo en las bebidas energ\u00e9ticas.<\/p>\n<ul>\n<li>Vegano<\/li>\n<li>Sin gluten<\/li>\n<li>Sin lactosa<\/li>\n<li>Sin OGM<\/li>\n<li>Fabricado seg\u00fan los estrictos est\u00e1ndares de calidad de la UE.<\/li>\n<\/ul>\n","protected":false},"excerpt":{"rendered":"<p>La taurina desempe\u00f1a un papel importante en el cuerpo humano para la salud cardiovascular, la funci\u00f3n cerebral, la contracci\u00f3n muscular y la protecci\u00f3n antioxidante, pero se encuentra principalmente en los alimentos de origen animal. Est\u00e1 presente en altas concentraciones en el cerebro, la retina, el m\u00fasculo card\u00edaco y las plaquetas sangu\u00edneas. Muchas personas tambi\u00e9n conocen [&hellip;]<\/p>\n","protected":false},"featured_media":55419,"template":"","meta":{"_acf_changed":false},"product_brand":[10219],"product_cat":[350,363],"product_tag":[],"class_list":{"0":"post-27228","1":"product","2":"type-product","3":"status-publish","4":"has-post-thumbnail","6":"product_brand-vit4ever-es","7":"product_cat-nutrientes","8":"product_cat-productos-de-a-z","10":"first","11":"outofstock","12":"taxable","13":"shipping-taxable","14":"purchasable","15":"product-type-simple"},"acf":[],"_links":{"self":[{"href":"https:\/\/vitalstoffversand.com\/es\/wp-json\/wp\/v2\/product\/27228","targetHints":{"allow":["GET"]}}],"collection":[{"href":"https:\/\/vitalstoffversand.com\/es\/wp-json\/wp\/v2\/product"}],"about":[{"href":"https:\/\/vitalstoffversand.com\/es\/wp-json\/wp\/v2\/types\/product"}],"wp:featuredmedia":[{"embeddable":true,"href":"https:\/\/vitalstoffversand.com\/es\/wp-json\/wp\/v2\/media\/55419"}],"wp:attachment":[{"href":"https:\/\/vitalstoffversand.com\/es\/wp-json\/wp\/v2\/media?parent=27228"}],"wp:term":[{"taxonomy":"product_brand","embeddable":true,"href":"https:\/\/vitalstoffversand.com\/es\/wp-json\/wp\/v2\/product_brand?post=27228"},{"taxonomy":"product_cat","embeddable":true,"href":"https:\/\/vitalstoffversand.com\/es\/wp-json\/wp\/v2\/product_cat?post=27228"},{"taxonomy":"product_tag","embeddable":true,"href":"https:\/\/vitalstoffversand.com\/es\/wp-json\/wp\/v2\/product_tag?post=27228"}],"curies":[{"name":"wp","href":"https:\/\/api.w.org\/{rel}","templated":true}]}}