{"id":27216,"date":"2025-04-07T12:15:41","date_gmt":"2025-04-07T10:15:41","guid":{"rendered":"https:\/\/vitalstoffversand.com\/produkt\/vit4ever-yodo-365-comprimidos\/"},"modified":"2026-03-16T12:39:21","modified_gmt":"2026-03-16T11:39:21","slug":"vit4ever-yodo-365-comprimidos","status":"publish","type":"product","link":"https:\/\/vitalstoffversand.com\/es\/producto\/vit4ever-yodo-365-comprimidos\/","title":{"rendered":"Vit4ever <br>Yodo &#8211; 365 comprimidos"},"content":{"rendered":"<p><a href=\"https:\/\/vitalstoffversand.com\/knowledge-base\/jod\/\" target=\"_blank\" rel=\"noopener\"><strong><span style=\"color: #0000ff;\">\u2192 El yodo<\/span><\/strong><\/a> es un oligoelemento importante para muchos procesos del organismo y la administraci\u00f3n de suplementos puede ser especialmente \u00fatil para las personas con una dieta pobre en yodo.<\/p>\n<p>Las mujeres embarazadas y las madres lactantes tambi\u00e9n tienen una mayor necesidad de yodo.<\/p>\n<ul>\n<li>Vegano<\/li>\n<li>Sin gluten<\/li>\n<li>Sin lactosa<\/li>\n<li>Sin OGM<\/li>\n<li>Fabricado seg\u00fan los estrictos est\u00e1ndares de calidad de la UE.<\/li>\n<\/ul>\n","protected":false},"excerpt":{"rendered":"<p>\u2192 El yodo es un oligoelemento importante para muchos procesos del organismo y la administraci\u00f3n de suplementos puede ser especialmente \u00fatil para las personas con una dieta pobre en yodo. Las mujeres embarazadas y las madres lactantes tambi\u00e9n tienen una mayor necesidad de yodo. Vegano Sin gluten Sin lactosa Sin OGM Fabricado seg\u00fan los estrictos [&hellip;]<\/p>\n","protected":false},"featured_media":55299,"template":"","meta":{"_acf_changed":false},"product_brand":[10219],"product_cat":[342,363],"product_tag":[],"class_list":{"0":"post-27216","1":"product","2":"type-product","3":"status-publish","4":"has-post-thumbnail","6":"product_brand-vit4ever-es","7":"product_cat-minerales-y-oligoelementos","8":"product_cat-productos-de-a-z","10":"first","11":"instock","12":"taxable","13":"shipping-taxable","14":"purchasable","15":"product-type-simple"},"acf":[],"_links":{"self":[{"href":"https:\/\/vitalstoffversand.com\/es\/wp-json\/wp\/v2\/product\/27216","targetHints":{"allow":["GET"]}}],"collection":[{"href":"https:\/\/vitalstoffversand.com\/es\/wp-json\/wp\/v2\/product"}],"about":[{"href":"https:\/\/vitalstoffversand.com\/es\/wp-json\/wp\/v2\/types\/product"}],"wp:featuredmedia":[{"embeddable":true,"href":"https:\/\/vitalstoffversand.com\/es\/wp-json\/wp\/v2\/media\/55299"}],"wp:attachment":[{"href":"https:\/\/vitalstoffversand.com\/es\/wp-json\/wp\/v2\/media?parent=27216"}],"wp:term":[{"taxonomy":"product_brand","embeddable":true,"href":"https:\/\/vitalstoffversand.com\/es\/wp-json\/wp\/v2\/product_brand?post=27216"},{"taxonomy":"product_cat","embeddable":true,"href":"https:\/\/vitalstoffversand.com\/es\/wp-json\/wp\/v2\/product_cat?post=27216"},{"taxonomy":"product_tag","embeddable":true,"href":"https:\/\/vitalstoffversand.com\/es\/wp-json\/wp\/v2\/product_tag?post=27216"}],"curies":[{"name":"wp","href":"https:\/\/api.w.org\/{rel}","templated":true}]}}