{"id":27215,"date":"2024-11-11T18:02:25","date_gmt":"2024-11-11T17:02:25","guid":{"rendered":"https:\/\/vitalstoffversand.com\/produkt\/vit4ever-shilajit-mumijo-180-capsulas\/"},"modified":"2026-03-16T12:38:19","modified_gmt":"2026-03-16T11:38:19","slug":"vit4ever-shilajit-mumijo-180-capsulas","status":"publish","type":"product","link":"https:\/\/vitalstoffversand.com\/es\/producto\/vit4ever-shilajit-mumijo-180-capsulas\/","title":{"rendered":"Vit4ever <br>Shilajit Mumijo &#8211; 180 c\u00e1psulas"},"content":{"rendered":"<p>Shilajit Mumijo es una resina mineral natural procedente de las monta\u00f1as del Himalaya.<\/p>\n<p>El Mumijo forma parte de la medicina ayurv\u00e9dica y se utiliza en la medicina popular de Asia Central desde hace miles de a\u00f1os como remedio y t\u00f3nico.<\/p>\n<ul>\n<li>Vegano<\/li>\n<li>Sin gluten<\/li>\n<li>Sin lactosa<\/li>\n<li>Sin OGM<\/li>\n<li>Fabricado seg\u00fan los estrictos est\u00e1ndares de calidad de la UE.<\/li>\n<\/ul>\n","protected":false},"excerpt":{"rendered":"<p>Shilajit Mumijo es una resina mineral natural procedente de las monta\u00f1as del Himalaya. El Mumijo forma parte de la medicina ayurv\u00e9dica y se utiliza en la medicina popular de Asia Central desde hace miles de a\u00f1os como remedio y t\u00f3nico. Vegano Sin gluten Sin lactosa Sin OGM Fabricado seg\u00fan los estrictos est\u00e1ndares de calidad de [&hellip;]<\/p>\n","protected":false},"featured_media":55211,"template":"","meta":{"_acf_changed":false},"product_brand":[10219],"product_cat":[350,363],"product_tag":[],"class_list":{"0":"post-27215","1":"product","2":"type-product","3":"status-publish","4":"has-post-thumbnail","6":"product_brand-vit4ever-es","7":"product_cat-nutrientes","8":"product_cat-productos-de-a-z","10":"first","11":"instock","12":"taxable","13":"shipping-taxable","14":"purchasable","15":"product-type-simple"},"acf":[],"_links":{"self":[{"href":"https:\/\/vitalstoffversand.com\/es\/wp-json\/wp\/v2\/product\/27215","targetHints":{"allow":["GET"]}}],"collection":[{"href":"https:\/\/vitalstoffversand.com\/es\/wp-json\/wp\/v2\/product"}],"about":[{"href":"https:\/\/vitalstoffversand.com\/es\/wp-json\/wp\/v2\/types\/product"}],"wp:featuredmedia":[{"embeddable":true,"href":"https:\/\/vitalstoffversand.com\/es\/wp-json\/wp\/v2\/media\/55211"}],"wp:attachment":[{"href":"https:\/\/vitalstoffversand.com\/es\/wp-json\/wp\/v2\/media?parent=27215"}],"wp:term":[{"taxonomy":"product_brand","embeddable":true,"href":"https:\/\/vitalstoffversand.com\/es\/wp-json\/wp\/v2\/product_brand?post=27215"},{"taxonomy":"product_cat","embeddable":true,"href":"https:\/\/vitalstoffversand.com\/es\/wp-json\/wp\/v2\/product_cat?post=27215"},{"taxonomy":"product_tag","embeddable":true,"href":"https:\/\/vitalstoffversand.com\/es\/wp-json\/wp\/v2\/product_tag?post=27215"}],"curies":[{"name":"wp","href":"https:\/\/api.w.org\/{rel}","templated":true}]}}