{"id":27207,"date":"2025-04-11T12:07:42","date_gmt":"2025-04-11T10:07:42","guid":{"rendered":"https:\/\/vitalstoffversand.com\/produkt\/vit4ever-magtein-magnesio-l-treonato-120-capsulas\/"},"modified":"2026-03-16T12:22:49","modified_gmt":"2026-03-16T11:22:49","slug":"vit4ever-magtein-magnesio-l-treonato-120-capsulas","status":"publish","type":"product","link":"https:\/\/vitalstoffversand.com\/es\/producto\/vit4ever-magtein-magnesio-l-treonato-120-capsulas\/","title":{"rendered":"Vit4ever <br>Magtein\u00ae Magnesio L-treonato &#8211; 120 c\u00e1psulas"},"content":{"rendered":"<p>El L-treonato de magnesio es el \u00fanico compuesto de magnesio capaz de atravesar la barrera hematoencef\u00e1lica, por lo que resulta especialmente adecuado para ayudar a hacer frente a las exigencias mentales.<\/p>\n<p>Magtein\u00ae es un compuesto patentado de <strong><span style=\"color: #0000ff;\"><a style=\"color: #0000ff;\" href=\"https:\/\/vitalstoffversand.com\/knowledge-base\/magnesium\/\" target=\"_blank\" rel=\"noopener\">\u2192 magnesio<\/a><\/span><\/strong> y \u00e1cido L-tre\u00f3nico, que se caracteriza por su estructura innovadora y fue desarrollado en EE. UU.<\/p>\n<p>Este compuesto presenta una biodisponibilidad especialmente eficaz de los principios activos.<\/p>\n<ul>\n<li>Vegano<\/li>\n<li>Sin gluten<\/li>\n<li>Sin lactosa<\/li>\n<li>Sin OGM<\/li>\n<li>Fabricado seg\u00fan los estrictos est\u00e1ndares de calidad de la UE.<\/li>\n<\/ul>\n","protected":false},"excerpt":{"rendered":"<p>El L-treonato de magnesio es el \u00fanico compuesto de magnesio capaz de atravesar la barrera hematoencef\u00e1lica, por lo que resulta especialmente adecuado para ayudar a hacer frente a las exigencias mentales. Magtein\u00ae es un compuesto patentado de \u2192 magnesio y \u00e1cido L-tre\u00f3nico, que se caracteriza por su estructura innovadora y fue desarrollado en EE. UU. [&hellip;]<\/p>\n","protected":false},"featured_media":55091,"template":"","meta":{"_acf_changed":false},"product_brand":[10219],"product_cat":[378],"product_tag":[],"class_list":{"0":"post-27207","1":"product","2":"type-product","3":"status-publish","4":"has-post-thumbnail","6":"product_brand-vit4ever-es","7":"product_cat-accesorios-y-varios","9":"first","10":"instock","11":"taxable","12":"shipping-taxable","13":"purchasable","14":"product-type-simple"},"acf":[],"_links":{"self":[{"href":"https:\/\/vitalstoffversand.com\/es\/wp-json\/wp\/v2\/product\/27207","targetHints":{"allow":["GET"]}}],"collection":[{"href":"https:\/\/vitalstoffversand.com\/es\/wp-json\/wp\/v2\/product"}],"about":[{"href":"https:\/\/vitalstoffversand.com\/es\/wp-json\/wp\/v2\/types\/product"}],"wp:featuredmedia":[{"embeddable":true,"href":"https:\/\/vitalstoffversand.com\/es\/wp-json\/wp\/v2\/media\/55091"}],"wp:attachment":[{"href":"https:\/\/vitalstoffversand.com\/es\/wp-json\/wp\/v2\/media?parent=27207"}],"wp:term":[{"taxonomy":"product_brand","embeddable":true,"href":"https:\/\/vitalstoffversand.com\/es\/wp-json\/wp\/v2\/product_brand?post=27207"},{"taxonomy":"product_cat","embeddable":true,"href":"https:\/\/vitalstoffversand.com\/es\/wp-json\/wp\/v2\/product_cat?post=27207"},{"taxonomy":"product_tag","embeddable":true,"href":"https:\/\/vitalstoffversand.com\/es\/wp-json\/wp\/v2\/product_tag?post=27207"}],"curies":[{"name":"wp","href":"https:\/\/api.w.org\/{rel}","templated":true}]}}