{"id":27203,"date":"2024-11-11T17:56:23","date_gmt":"2024-11-11T16:56:23","guid":{"rendered":"https:\/\/vitalstoffversand.com\/produkt\/vit4ever-mantequilla-de-cacahuete-diferentes-variedades\/"},"modified":"2026-03-16T12:16:57","modified_gmt":"2026-03-16T11:16:57","slug":"vit4ever-mantequilla-de-cacahuete-diferentes-variedades","status":"publish","type":"product","link":"https:\/\/vitalstoffversand.com\/es\/producto\/vit4ever-mantequilla-de-cacahuete-diferentes-variedades\/","title":{"rendered":"Vit4ever <br>Mantequilla de cacahuete &#8211; diferentes sabores"},"content":{"rendered":"<p style=\"text-align: left;\">Mantequilla de cacahuete pura y sin adulterar, elaborada con cacahuetes tostados al 100%<\/p>\n<p>Disponible en la versi\u00f3n cremosa-suave, crujiente con peque\u00f1os trozos de cacahuete y en la versi\u00f3n tostada oscura extra crujiente.<\/p>\n<p>La mantequilla de cacahuete es rica en prote\u00ednas, minerales (potasio, magnesio) y contiene un 52% de \u00e1cidos grasos insaturados<\/p>\n<p>Nota: Es normal que el aceite flote en la superficie de este producto. Basta con removerlo un poco para recuperar su textura cremosa. <\/p>\n<ul>\n<li>vegano<\/li>\n<li>sin gluten<\/li>\n<li>Sin az\u00facar, aceite de palma ni sal a\u00f1adidos<\/li>\n<li>Sin aditivos artificiales<\/li>\n<\/ul>\n","protected":false},"excerpt":{"rendered":"<p>Mantequilla de cacahuete pura y sin adulterar, elaborada con cacahuetes tostados al 100% Disponible en la versi\u00f3n cremosa-suave, crujiente con peque\u00f1os trozos de cacahuete y en la versi\u00f3n tostada oscura extra crujiente. La mantequilla de cacahuete es rica en prote\u00ednas, minerales (potasio, magnesio) y contiene un 52% de \u00e1cidos grasos insaturados Nota: Es normal que [&hellip;]<\/p>\n","protected":false},"featured_media":55011,"template":"","meta":{"_acf_changed":false},"product_brand":[10219],"product_cat":[327,363],"product_tag":[],"class_list":{"0":"post-27203","1":"product","2":"type-product","3":"status-publish","4":"has-post-thumbnail","6":"product_brand-vit4ever-es","7":"product_cat-cocinar-y-picar","8":"product_cat-productos-de-a-z","10":"first","11":"instock","12":"taxable","13":"shipping-taxable","14":"purchasable","15":"product-type-variable"},"acf":[],"_links":{"self":[{"href":"https:\/\/vitalstoffversand.com\/es\/wp-json\/wp\/v2\/product\/27203","targetHints":{"allow":["GET"]}}],"collection":[{"href":"https:\/\/vitalstoffversand.com\/es\/wp-json\/wp\/v2\/product"}],"about":[{"href":"https:\/\/vitalstoffversand.com\/es\/wp-json\/wp\/v2\/types\/product"}],"wp:featuredmedia":[{"embeddable":true,"href":"https:\/\/vitalstoffversand.com\/es\/wp-json\/wp\/v2\/media\/55011"}],"wp:attachment":[{"href":"https:\/\/vitalstoffversand.com\/es\/wp-json\/wp\/v2\/media?parent=27203"}],"wp:term":[{"taxonomy":"product_brand","embeddable":true,"href":"https:\/\/vitalstoffversand.com\/es\/wp-json\/wp\/v2\/product_brand?post=27203"},{"taxonomy":"product_cat","embeddable":true,"href":"https:\/\/vitalstoffversand.com\/es\/wp-json\/wp\/v2\/product_cat?post=27203"},{"taxonomy":"product_tag","embeddable":true,"href":"https:\/\/vitalstoffversand.com\/es\/wp-json\/wp\/v2\/product_tag?post=27203"}],"curies":[{"name":"wp","href":"https:\/\/api.w.org\/{rel}","templated":true}]}}