{"id":27172,"date":"2024-11-11T17:53:50","date_gmt":"2024-11-11T16:53:50","guid":{"rendered":"https:\/\/vitalstoffversand.com\/produkt\/vit4ever-colageno-en-polvo-1000-g\/"},"modified":"2026-03-16T12:06:21","modified_gmt":"2026-03-16T11:06:21","slug":"vit4ever-colageno-en-polvo-1000-g","status":"publish","type":"product","link":"https:\/\/vitalstoffversand.com\/es\/producto\/vit4ever-colageno-en-polvo-1000-g\/","title":{"rendered":"Vit4ever <br>Col\u00e1geno en polvo &#8211; 1000 g"},"content":{"rendered":"<p>Hidrolizado de col\u00e1geno bovino obtenido a partir de col\u00e1geno bovino de tipo I y III hidrolizado enzim\u00e1ticamente, que destaca por su excelente pureza, biodisponibilidad y solubilidad.<\/p>\n<p>El producto tiene un sabor neutro, por lo que puede mezclarse con muchos alimentos y bebidas sin afectar a su sabor.<\/p>\n<p><strong>Nota:<\/strong> Este producto no cuenta con certificaci\u00f3n halal.<\/p>\n<ul>\n<li>Sin gluten<\/li>\n<li>Sin lactosa<\/li>\n<li>Sin OGM<\/li>\n<li>Fabricado seg\u00fan los estrictos est\u00e1ndares de calidad de la UE.<\/li>\n<\/ul>\n","protected":false},"excerpt":{"rendered":"<p>Hidrolizado de col\u00e1geno bovino obtenido a partir de col\u00e1geno bovino de tipo I y III hidrolizado enzim\u00e1ticamente, que destaca por su excelente pureza, biodisponibilidad y solubilidad. El producto tiene un sabor neutro, por lo que puede mezclarse con muchos alimentos y bebidas sin afectar a su sabor. Nota: Este producto no cuenta con certificaci\u00f3n halal. [&hellip;]<\/p>\n","protected":false},"featured_media":62359,"template":"","meta":{"_acf_changed":false},"product_brand":[10219],"product_cat":[350,363],"product_tag":[],"class_list":{"0":"post-27172","1":"product","2":"type-product","3":"status-publish","4":"has-post-thumbnail","6":"product_brand-vit4ever-es","7":"product_cat-nutrientes","8":"product_cat-productos-de-a-z","10":"first","11":"outofstock","12":"taxable","13":"shipping-taxable","14":"purchasable","15":"product-type-simple"},"acf":[],"_links":{"self":[{"href":"https:\/\/vitalstoffversand.com\/es\/wp-json\/wp\/v2\/product\/27172","targetHints":{"allow":["GET"]}}],"collection":[{"href":"https:\/\/vitalstoffversand.com\/es\/wp-json\/wp\/v2\/product"}],"about":[{"href":"https:\/\/vitalstoffversand.com\/es\/wp-json\/wp\/v2\/types\/product"}],"wp:featuredmedia":[{"embeddable":true,"href":"https:\/\/vitalstoffversand.com\/es\/wp-json\/wp\/v2\/media\/62359"}],"wp:attachment":[{"href":"https:\/\/vitalstoffversand.com\/es\/wp-json\/wp\/v2\/media?parent=27172"}],"wp:term":[{"taxonomy":"product_brand","embeddable":true,"href":"https:\/\/vitalstoffversand.com\/es\/wp-json\/wp\/v2\/product_brand?post=27172"},{"taxonomy":"product_cat","embeddable":true,"href":"https:\/\/vitalstoffversand.com\/es\/wp-json\/wp\/v2\/product_cat?post=27172"},{"taxonomy":"product_tag","embeddable":true,"href":"https:\/\/vitalstoffversand.com\/es\/wp-json\/wp\/v2\/product_tag?post=27172"}],"curies":[{"name":"wp","href":"https:\/\/api.w.org\/{rel}","templated":true}]}}