{"id":27162,"date":"2024-11-11T15:55:08","date_gmt":"2024-11-11T14:55:08","guid":{"rendered":"https:\/\/vitalstoffversand.com\/produkt\/vit4ever-extracto-de-arroz-rojo-240-capsulas\/"},"modified":"2026-03-16T11:46:56","modified_gmt":"2026-03-16T10:46:56","slug":"vit4ever-extracto-de-arroz-rojo-240-capsulas","status":"publish","type":"product","link":"https:\/\/vitalstoffversand.com\/es\/producto\/vit4ever-extracto-de-arroz-rojo-240-capsulas\/","title":{"rendered":"Vit4ever <br>Extracto de arroz rojo &#8211; 365 c\u00e1psulas"},"content":{"rendered":"<p>El arroz rojo se obtiene fermentando arroz blanco con el moho Monascus purpureus y contiene el principio activo natural monacolina K, qu\u00edmicamente id\u00e9ntico al f\u00e1rmaco sint\u00e9tico lovostatina.<\/p>\n<p>La lovastatina pertenece al grupo de sustancias activas de las estatinas, que se utilizan para tratar los niveles elevados de colesterol y triglic\u00e9ridos y para prevenir la esclerosis de las arterias coronarias.<\/p>\n<ul>\n<li>Vegano<\/li>\n<li>Sin gluten<\/li>\n<li>Sin lactosa<\/li>\n<li>Sin OGM<\/li>\n<li>Fabricado seg\u00fan los estrictos est\u00e1ndares de calidad de la UE.<\/li>\n<\/ul>\n","protected":false},"excerpt":{"rendered":"<p>El arroz rojo se obtiene fermentando arroz blanco con el moho Monascus purpureus y contiene el principio activo natural monacolina K, qu\u00edmicamente id\u00e9ntico al f\u00e1rmaco sint\u00e9tico lovostatina. La lovastatina pertenece al grupo de sustancias activas de las estatinas, que se utilizan para tratar los niveles elevados de colesterol y triglic\u00e9ridos y para prevenir la esclerosis [&hellip;]<\/p>\n","protected":false},"featured_media":54691,"template":"","meta":{"_acf_changed":false},"product_brand":[10219],"product_cat":[350,363],"product_tag":[],"class_list":{"0":"post-27162","1":"product","2":"type-product","3":"status-publish","4":"has-post-thumbnail","6":"product_brand-vit4ever-es","7":"product_cat-nutrientes","8":"product_cat-productos-de-a-z","10":"first","11":"instock","12":"taxable","13":"shipping-taxable","14":"purchasable","15":"product-type-simple"},"acf":[],"_links":{"self":[{"href":"https:\/\/vitalstoffversand.com\/es\/wp-json\/wp\/v2\/product\/27162","targetHints":{"allow":["GET"]}}],"collection":[{"href":"https:\/\/vitalstoffversand.com\/es\/wp-json\/wp\/v2\/product"}],"about":[{"href":"https:\/\/vitalstoffversand.com\/es\/wp-json\/wp\/v2\/types\/product"}],"wp:featuredmedia":[{"embeddable":true,"href":"https:\/\/vitalstoffversand.com\/es\/wp-json\/wp\/v2\/media\/54691"}],"wp:attachment":[{"href":"https:\/\/vitalstoffversand.com\/es\/wp-json\/wp\/v2\/media?parent=27162"}],"wp:term":[{"taxonomy":"product_brand","embeddable":true,"href":"https:\/\/vitalstoffversand.com\/es\/wp-json\/wp\/v2\/product_brand?post=27162"},{"taxonomy":"product_cat","embeddable":true,"href":"https:\/\/vitalstoffversand.com\/es\/wp-json\/wp\/v2\/product_cat?post=27162"},{"taxonomy":"product_tag","embeddable":true,"href":"https:\/\/vitalstoffversand.com\/es\/wp-json\/wp\/v2\/product_tag?post=27162"}],"curies":[{"name":"wp","href":"https:\/\/api.w.org\/{rel}","templated":true}]}}