{"id":27131,"date":"2024-11-07T19:13:26","date_gmt":"2024-11-07T18:13:26","guid":{"rendered":"https:\/\/vitalstoffversand.com\/produkt\/vit4ever-opc-pure-300-capsulas\/"},"modified":"2026-03-12T16:51:24","modified_gmt":"2026-03-12T15:51:24","slug":"vit4ever-opc-pure-300-capsulas","status":"publish","type":"product","link":"https:\/\/vitalstoffversand.com\/es\/producto\/vit4ever-opc-pure-300-capsulas\/","title":{"rendered":"Vit4ever <br>OPC Pure &#8211; 300 c\u00e1psulas"},"content":{"rendered":"<p>Las proantocianidinas oligom\u00e9ricas (OPC) se encuentran en diversas plantas, pero se extraen principalmente de las semillas de las uvas rojas y azules.<\/p>\n<p>Son sustancias vegetales secundarias y pertenecen al grupo de los flavonoides.<\/p>\n<p>La ingesta de OPC puede complementarse provechosamente con <a href=\"https:\/\/vitalstoffversand.com\/knowledge-base\/vitamin-c\/\" target=\"_blank\" rel=\"noopener\"><span style=\"color: #0000ff;\">\u2192 vitamina C<\/span><\/a>.<\/p>\n<p>El contenido en OPC de una c\u00e1psula es:<\/p>\n<p>\u2192 Seg\u00fan m\u00e9todo HPLC: 350 mg de OPC (70% de proantocianidinas oligom\u00e9ricas).<br \/>\n\u2192 Seg\u00fan el m\u00e9todo Bate\/Smith: 450 mg de OPC (95% de proantocianidinas oligom\u00e9ricas).<\/p>\n<ul>\n<li>Vegano<\/li>\n<li>Sin gluten<\/li>\n<li>Sin lactosa<\/li>\n<li>Sin OGM<\/li>\n<li>Fabricado seg\u00fan los estrictos est\u00e1ndares de calidad de la UE.<\/li>\n<\/ul>\n","protected":false},"excerpt":{"rendered":"<p>Las proantocianidinas oligom\u00e9ricas (OPC) se encuentran en diversas plantas, pero se extraen principalmente de las semillas de las uvas rojas y azules. Son sustancias vegetales secundarias y pertenecen al grupo de los flavonoides. La ingesta de OPC puede complementarse provechosamente con \u2192 vitamina C. El contenido en OPC de una c\u00e1psula es: \u2192 Seg\u00fan m\u00e9todo [&hellip;]<\/p>\n","protected":false},"featured_media":49920,"template":"","meta":{"_acf_changed":false},"product_brand":[10219],"product_cat":[350,363],"product_tag":[],"class_list":{"0":"post-27131","1":"product","2":"type-product","3":"status-publish","4":"has-post-thumbnail","6":"product_brand-vit4ever-es","7":"product_cat-nutrientes","8":"product_cat-productos-de-a-z","10":"first","11":"instock","12":"taxable","13":"shipping-taxable","14":"purchasable","15":"product-type-simple"},"acf":[],"_links":{"self":[{"href":"https:\/\/vitalstoffversand.com\/es\/wp-json\/wp\/v2\/product\/27131","targetHints":{"allow":["GET"]}}],"collection":[{"href":"https:\/\/vitalstoffversand.com\/es\/wp-json\/wp\/v2\/product"}],"about":[{"href":"https:\/\/vitalstoffversand.com\/es\/wp-json\/wp\/v2\/types\/product"}],"wp:featuredmedia":[{"embeddable":true,"href":"https:\/\/vitalstoffversand.com\/es\/wp-json\/wp\/v2\/media\/49920"}],"wp:attachment":[{"href":"https:\/\/vitalstoffversand.com\/es\/wp-json\/wp\/v2\/media?parent=27131"}],"wp:term":[{"taxonomy":"product_brand","embeddable":true,"href":"https:\/\/vitalstoffversand.com\/es\/wp-json\/wp\/v2\/product_brand?post=27131"},{"taxonomy":"product_cat","embeddable":true,"href":"https:\/\/vitalstoffversand.com\/es\/wp-json\/wp\/v2\/product_cat?post=27131"},{"taxonomy":"product_tag","embeddable":true,"href":"https:\/\/vitalstoffversand.com\/es\/wp-json\/wp\/v2\/product_tag?post=27131"}],"curies":[{"name":"wp","href":"https:\/\/api.w.org\/{rel}","templated":true}]}}