{"id":27130,"date":"2024-11-11T15:49:50","date_gmt":"2024-11-11T14:49:50","guid":{"rendered":"https:\/\/vitalstoffversand.com\/produkt\/vit4ever-hierro-vitamina-c-365-comprimidos\/"},"modified":"2026-03-16T10:53:35","modified_gmt":"2026-03-16T09:53:35","slug":"vit4ever-hierro-vitamina-c-365-comprimidos","status":"publish","type":"product","link":"https:\/\/vitalstoffversand.com\/es\/producto\/vit4ever-hierro-vitamina-c-365-comprimidos\/","title":{"rendered":"Vit4ever <br>Hierro + Vitamina C &#8211; 365 comprimidos"},"content":{"rendered":"<p>Ambos <span style=\"color: #0000ff;\"><strong><a style=\"color: #0000ff;\" href=\"https:\/\/vitalstoffversand.com\/knowledge-base\/eisen\/\" target=\"_blank\" rel=\"noopener\">\u2192 hierro<\/a><\/strong><\/span>como <span style=\"color: #0000ff;\"><strong><a style=\"color: #0000ff;\" href=\"https:\/\/vitalstoffversand.com\/knowledge-base\/vitamin-c\/\" target=\"_blank\" rel=\"noopener\">\u2192 vitamina C<\/a><\/strong><\/span> cumplen una serie de funciones importantes en nuestro organismo.<\/p>\n<p>El bisglicinato de hierro utilizado en este producto es muy f\u00e1cil de digerir y tiene buenas propiedades de absorci\u00f3n.<\/p>\n<p>Tambi\u00e9n es ideal para vegetarianos y veganos.<\/p>\n<ul>\n<li>Vegano<\/li>\n<li>Sin gluten<\/li>\n<li>Sin lactosa<\/li>\n<li>Sin OGM<\/li>\n<li>Fabricado seg\u00fan los estrictos est\u00e1ndares de calidad de la UE.<\/li>\n<\/ul>\n","protected":false},"excerpt":{"rendered":"<p>Ambos \u2192 hierrocomo \u2192 vitamina C cumplen una serie de funciones importantes en nuestro organismo. El bisglicinato de hierro utilizado en este producto es muy f\u00e1cil de digerir y tiene buenas propiedades de absorci\u00f3n. Tambi\u00e9n es ideal para vegetarianos y veganos. Vegano Sin gluten Sin lactosa Sin OGM Fabricado seg\u00fan los estrictos est\u00e1ndares de calidad [&hellip;]<\/p>\n","protected":false},"featured_media":54283,"template":"","meta":{"_acf_changed":false},"product_brand":[10219],"product_cat":[342,363],"product_tag":[],"class_list":{"0":"post-27130","1":"product","2":"type-product","3":"status-publish","4":"has-post-thumbnail","6":"product_brand-vit4ever-es","7":"product_cat-minerales-y-oligoelementos","8":"product_cat-productos-de-a-z","10":"first","11":"instock","12":"taxable","13":"shipping-taxable","14":"purchasable","15":"product-type-simple"},"acf":[],"_links":{"self":[{"href":"https:\/\/vitalstoffversand.com\/es\/wp-json\/wp\/v2\/product\/27130","targetHints":{"allow":["GET"]}}],"collection":[{"href":"https:\/\/vitalstoffversand.com\/es\/wp-json\/wp\/v2\/product"}],"about":[{"href":"https:\/\/vitalstoffversand.com\/es\/wp-json\/wp\/v2\/types\/product"}],"wp:featuredmedia":[{"embeddable":true,"href":"https:\/\/vitalstoffversand.com\/es\/wp-json\/wp\/v2\/media\/54283"}],"wp:attachment":[{"href":"https:\/\/vitalstoffversand.com\/es\/wp-json\/wp\/v2\/media?parent=27130"}],"wp:term":[{"taxonomy":"product_brand","embeddable":true,"href":"https:\/\/vitalstoffversand.com\/es\/wp-json\/wp\/v2\/product_brand?post=27130"},{"taxonomy":"product_cat","embeddable":true,"href":"https:\/\/vitalstoffversand.com\/es\/wp-json\/wp\/v2\/product_cat?post=27130"},{"taxonomy":"product_tag","embeddable":true,"href":"https:\/\/vitalstoffversand.com\/es\/wp-json\/wp\/v2\/product_tag?post=27130"}],"curies":[{"name":"wp","href":"https:\/\/api.w.org\/{rel}","templated":true}]}}