{"id":27128,"date":"2024-11-11T15:47:17","date_gmt":"2024-11-11T14:47:17","guid":{"rendered":"https:\/\/vitalstoffversand.com\/produkt\/vit4ever-multivitaminico-intenso-365-capsulas\/"},"modified":"2026-03-16T10:53:37","modified_gmt":"2026-03-16T09:53:37","slug":"vit4ever-multivitaminico-intenso-365-capsulas","status":"publish","type":"product","link":"https:\/\/vitalstoffversand.com\/es\/producto\/vit4ever-multivitaminico-intenso-365-capsulas\/","title":{"rendered":"Vit4ever <br>Multivitam\u00ednico Intenso &#8211; 365 c\u00e1psulas"},"content":{"rendered":"<p>Multivitam\u00ednico Intenso es un complejo inteligente y armonizado de 26 vitaminas, minerales, oligoelementos y extractos de plantas.<\/p>\n<p>Alle Inhaltsstoffe liegen zur Maximierung ihrer Aufnahmef\u00e4higkeit und Vertr\u00e4glichkeit in ihrer aktiven, reinen, bioaktiven Form oder in einer sinnvollen Verbindung vor.<\/p>\n<ul>\n<li>Vegano<\/li>\n<li>Sin gluten<\/li>\n<li>Sin lactosa<\/li>\n<li>Sin OGM<\/li>\n<li>Fabricado seg\u00fan los estrictos est\u00e1ndares de calidad de la UE.<\/li>\n<\/ul>\n","protected":false},"excerpt":{"rendered":"<p>Multivitam\u00ednico Intenso es un complejo inteligente y armonizado de 26 vitaminas, minerales, oligoelementos y extractos de plantas. Alle Inhaltsstoffe liegen zur Maximierung ihrer Aufnahmef\u00e4higkeit und Vertr\u00e4glichkeit in ihrer aktiven, reinen, bioaktiven Form oder in einer sinnvollen Verbindung vor. Vegano Sin gluten Sin lactosa Sin OGM Fabricado seg\u00fan los estrictos est\u00e1ndares de calidad de la UE.<\/p>\n","protected":false},"featured_media":61962,"template":"","meta":{"_acf_changed":false},"product_brand":[10219],"product_cat":[310,342,363],"product_tag":[],"class_list":{"0":"post-27128","1":"product","2":"type-product","3":"status-publish","4":"has-post-thumbnail","6":"product_brand-vit4ever-es","7":"product_cat-vitaminas","8":"product_cat-minerales-y-oligoelementos","9":"product_cat-productos-de-a-z","11":"first","12":"instock","13":"taxable","14":"shipping-taxable","15":"purchasable","16":"product-type-simple"},"acf":[],"_links":{"self":[{"href":"https:\/\/vitalstoffversand.com\/es\/wp-json\/wp\/v2\/product\/27128","targetHints":{"allow":["GET"]}}],"collection":[{"href":"https:\/\/vitalstoffversand.com\/es\/wp-json\/wp\/v2\/product"}],"about":[{"href":"https:\/\/vitalstoffversand.com\/es\/wp-json\/wp\/v2\/types\/product"}],"wp:featuredmedia":[{"embeddable":true,"href":"https:\/\/vitalstoffversand.com\/es\/wp-json\/wp\/v2\/media\/61962"}],"wp:attachment":[{"href":"https:\/\/vitalstoffversand.com\/es\/wp-json\/wp\/v2\/media?parent=27128"}],"wp:term":[{"taxonomy":"product_brand","embeddable":true,"href":"https:\/\/vitalstoffversand.com\/es\/wp-json\/wp\/v2\/product_brand?post=27128"},{"taxonomy":"product_cat","embeddable":true,"href":"https:\/\/vitalstoffversand.com\/es\/wp-json\/wp\/v2\/product_cat?post=27128"},{"taxonomy":"product_tag","embeddable":true,"href":"https:\/\/vitalstoffversand.com\/es\/wp-json\/wp\/v2\/product_tag?post=27128"}],"curies":[{"name":"wp","href":"https:\/\/api.w.org\/{rel}","templated":true}]}}