{"id":27127,"date":"2024-11-11T15:35:54","date_gmt":"2024-11-11T14:35:54","guid":{"rendered":"https:\/\/vitalstoffversand.com\/produkt\/vit4ever-vitamina-c-tamponada-365-capsulas\/"},"modified":"2026-03-15T18:53:19","modified_gmt":"2026-03-15T17:53:19","slug":"vit4ever-vitamina-c-tamponada-365-capsulas","status":"publish","type":"product","link":"https:\/\/vitalstoffversand.com\/es\/producto\/vit4ever-vitamina-c-tamponada-365-capsulas\/","title":{"rendered":"Vit4ever <br>Vitamina C tamponada &#8211; 365 c\u00e1psulas"},"content":{"rendered":"<p>\u00abBuffered\u00bb <a href=\"https:\/\/vitalstoffversand.com\/knowledge-base\/vitamin-c\/\" target=\"_blank\" rel=\"noopener\"><strong><span style=\"color: #0000ff;\">\u2192 la vitamina C<\/span><\/strong><\/a>, aqu\u00ed en forma de ascorbato c\u00e1lcico (L-ascorbato c\u00e1lcico), se libera uniformemente en el organismo en peque\u00f1as cantidades a lo largo de varias horas (efecto de liberaci\u00f3n prolongada) y al mismo tiempo tiene una biodisponibilidad muy elevada.<\/p>\n<p>Debido a su uni\u00f3n al calcio, tambi\u00e9n se considera que se tolera especialmente bien.<\/p>\n<p>La vitamina C desempe\u00f1a diversas funciones en nuestro organismo y se considera un potente antioxidante.<\/p>\n<ul>\n<li>Vegano<\/li>\n<li>Sin gluten<\/li>\n<li>Sin lactosa<\/li>\n<li>Sin OGM<\/li>\n<li>Fabricado seg\u00fan los estrictos est\u00e1ndares de calidad de la UE.<\/li>\n<\/ul>\n","protected":false},"excerpt":{"rendered":"<p>\u00abBuffered\u00bb \u2192 la vitamina C, aqu\u00ed en forma de ascorbato c\u00e1lcico (L-ascorbato c\u00e1lcico), se libera uniformemente en el organismo en peque\u00f1as cantidades a lo largo de varias horas (efecto de liberaci\u00f3n prolongada) y al mismo tiempo tiene una biodisponibilidad muy elevada. Debido a su uni\u00f3n al calcio, tambi\u00e9n se considera que se tolera especialmente bien. [&hellip;]<\/p>\n","protected":false},"featured_media":54051,"template":"","meta":{"_acf_changed":false},"product_brand":[10219],"product_cat":[310,363],"product_tag":[],"class_list":{"0":"post-27127","1":"product","2":"type-product","3":"status-publish","4":"has-post-thumbnail","6":"product_brand-vit4ever-es","7":"product_cat-vitaminas","8":"product_cat-productos-de-a-z","10":"first","11":"instock","12":"taxable","13":"shipping-taxable","14":"purchasable","15":"product-type-simple"},"acf":[],"_links":{"self":[{"href":"https:\/\/vitalstoffversand.com\/es\/wp-json\/wp\/v2\/product\/27127","targetHints":{"allow":["GET"]}}],"collection":[{"href":"https:\/\/vitalstoffversand.com\/es\/wp-json\/wp\/v2\/product"}],"about":[{"href":"https:\/\/vitalstoffversand.com\/es\/wp-json\/wp\/v2\/types\/product"}],"wp:featuredmedia":[{"embeddable":true,"href":"https:\/\/vitalstoffversand.com\/es\/wp-json\/wp\/v2\/media\/54051"}],"wp:attachment":[{"href":"https:\/\/vitalstoffversand.com\/es\/wp-json\/wp\/v2\/media?parent=27127"}],"wp:term":[{"taxonomy":"product_brand","embeddable":true,"href":"https:\/\/vitalstoffversand.com\/es\/wp-json\/wp\/v2\/product_brand?post=27127"},{"taxonomy":"product_cat","embeddable":true,"href":"https:\/\/vitalstoffversand.com\/es\/wp-json\/wp\/v2\/product_cat?post=27127"},{"taxonomy":"product_tag","embeddable":true,"href":"https:\/\/vitalstoffversand.com\/es\/wp-json\/wp\/v2\/product_tag?post=27127"}],"curies":[{"name":"wp","href":"https:\/\/api.w.org\/{rel}","templated":true}]}}