{"id":27122,"date":"2024-11-11T15:30:16","date_gmt":"2024-11-11T14:30:16","guid":{"rendered":"https:\/\/vitalstoffversand.com\/produkt\/vit4ever-omega-3-intenso-aceite-de-pescado-diferentes-cantidades\/"},"modified":"2026-03-17T18:38:31","modified_gmt":"2026-03-17T17:38:31","slug":"vit4ever-omega-3-intenso-aceite-de-pescado-diferentes-cantidades","status":"publish","type":"product","link":"https:\/\/vitalstoffversand.com\/es\/producto\/vit4ever-omega-3-intenso-aceite-de-pescado-diferentes-cantidades\/","title":{"rendered":"Vit4ever <br>Aceite de pescado Omega 3 Intenso &#8211; 120 c\u00e1psulas"},"content":{"rendered":"<p>Los \u00e1cidos grasos omega 3 son esenciales para nuestro organismo y deben ingerirse a trav\u00e9s de los alimentos.<\/p>\n<p>Omega 3 Intenso C\u00e1psulas Blandas es un producto absolutamente premium caracterizado por un contenido superior a la media del 80% de \u00e1cidos grasos omega 3 puros, que aportan 400 mg <a href=\"https:\/\/vitalstoffversand.com\/knowledge-base\/eicosapentaensaeure-und-docosahexaensaeure-epa-dha\/\" target=\"_blank\" rel=\"noopener\"><strong><span style=\"color: #0000ff;\">\u2192 EPA (\u00e1cido eicosapentaenoico)<\/span><\/strong><\/a> y 300 mg <a href=\"https:\/\/vitalstoffversand.com\/knowledge-base\/docosahexaensaeure-dha\/\" target=\"_blank\" rel=\"noopener\"><strong><span style=\"color: #0000ff;\">\u2192 DHA (\u00e1cido docosahaexenoico)<\/span><\/strong><\/a> en la forma m\u00e1s biodisponible (triglic\u00e9rido).<\/p>\n<ul>\n<li>Sin gluten<\/li>\n<li>Sin lactosa<\/li>\n<li>Sin OGM<\/li>\n<li>Fabricado seg\u00fan los estrictos est\u00e1ndares de calidad de la UE.<\/li>\n<\/ul>\n","protected":false},"excerpt":{"rendered":"<p>Los \u00e1cidos grasos omega 3 son esenciales para nuestro organismo y deben ingerirse a trav\u00e9s de los alimentos. Omega 3 Intenso C\u00e1psulas Blandas es un producto absolutamente premium caracterizado por un contenido superior a la media del 80% de \u00e1cidos grasos omega 3 puros, que aportan 400 mg \u2192 EPA (\u00e1cido eicosapentaenoico) y 300 mg [&hellip;]<\/p>\n","protected":false},"featured_media":53923,"template":"","meta":{"_acf_changed":false},"product_brand":[10219],"product_cat":[335,363],"product_tag":[],"class_list":{"0":"post-27122","1":"product","2":"type-product","3":"status-publish","4":"has-post-thumbnail","6":"product_brand-vit4ever-es","7":"product_cat-acidos-grasos","8":"product_cat-productos-de-a-z","10":"first","11":"instock","12":"taxable","13":"shipping-taxable","14":"purchasable","15":"product-type-simple"},"acf":[],"_links":{"self":[{"href":"https:\/\/vitalstoffversand.com\/es\/wp-json\/wp\/v2\/product\/27122","targetHints":{"allow":["GET"]}}],"collection":[{"href":"https:\/\/vitalstoffversand.com\/es\/wp-json\/wp\/v2\/product"}],"about":[{"href":"https:\/\/vitalstoffversand.com\/es\/wp-json\/wp\/v2\/types\/product"}],"wp:featuredmedia":[{"embeddable":true,"href":"https:\/\/vitalstoffversand.com\/es\/wp-json\/wp\/v2\/media\/53923"}],"wp:attachment":[{"href":"https:\/\/vitalstoffversand.com\/es\/wp-json\/wp\/v2\/media?parent=27122"}],"wp:term":[{"taxonomy":"product_brand","embeddable":true,"href":"https:\/\/vitalstoffversand.com\/es\/wp-json\/wp\/v2\/product_brand?post=27122"},{"taxonomy":"product_cat","embeddable":true,"href":"https:\/\/vitalstoffversand.com\/es\/wp-json\/wp\/v2\/product_cat?post=27122"},{"taxonomy":"product_tag","embeddable":true,"href":"https:\/\/vitalstoffversand.com\/es\/wp-json\/wp\/v2\/product_tag?post=27122"}],"curies":[{"name":"wp","href":"https:\/\/api.w.org\/{rel}","templated":true}]}}