{"id":27117,"date":"2024-11-11T15:13:36","date_gmt":"2024-11-11T14:13:36","guid":{"rendered":"https:\/\/vitalstoffversand.com\/produkt\/vit4ever-extracto-de-curcuma-intenso-180-capsulas\/"},"modified":"2026-03-15T18:19:56","modified_gmt":"2026-03-15T17:19:56","slug":"vit4ever-extracto-de-curcuma-intenso-180-capsulas","status":"publish","type":"product","link":"https:\/\/vitalstoffversand.com\/es\/producto\/vit4ever-extracto-de-curcuma-intenso-180-capsulas\/","title":{"rendered":"Vit4ever <br>Extracto de c\u00farcuma Intenso &#8211; 180 c\u00e1psulas"},"content":{"rendered":"<p>La c\u00farcuma no es solo una especia, sino que, gracias a su componente activo, la curcumina, se utiliza desde hace siglos como remedio en la medicina tradicional india.<\/p>\n<p>Cada c\u00e1psula de extracto contiene 257,5 mg de curcumina\/curcuminoides, lo que corresponde al consumo de 17,15 g de polvo de c\u00farcuma normal (2,5 % de contenido de curcumina).<\/p>\n<p>La absorci\u00f3n de los curcuminoides se ve reforzada por el ingrediente activo potenciador extracto de pimienta negra con piperina.<\/p>\n<ul>\n<li>Vegano<\/li>\n<li>Sin gluten<\/li>\n<li>Sin lactosa<\/li>\n<li>Sin OGM<\/li>\n<li>Fabricado seg\u00fan los estrictos est\u00e1ndares de calidad de la UE.<\/li>\n<\/ul>\n","protected":false},"excerpt":{"rendered":"<p>La c\u00farcuma no es solo una especia, sino que, gracias a su componente activo, la curcumina, se utiliza desde hace siglos como remedio en la medicina tradicional india. Cada c\u00e1psula de extracto contiene 257,5 mg de curcumina\/curcuminoides, lo que corresponde al consumo de 17,15 g de polvo de c\u00farcuma normal (2,5 % de contenido de [&hellip;]<\/p>\n","protected":false},"featured_media":53771,"template":"","meta":{"_acf_changed":false},"product_brand":[10219],"product_cat":[350,363],"product_tag":[],"class_list":{"0":"post-27117","1":"product","2":"type-product","3":"status-publish","4":"has-post-thumbnail","6":"product_brand-vit4ever-es","7":"product_cat-nutrientes","8":"product_cat-productos-de-a-z","10":"first","11":"instock","12":"taxable","13":"shipping-taxable","14":"purchasable","15":"product-type-simple"},"acf":[],"_links":{"self":[{"href":"https:\/\/vitalstoffversand.com\/es\/wp-json\/wp\/v2\/product\/27117","targetHints":{"allow":["GET"]}}],"collection":[{"href":"https:\/\/vitalstoffversand.com\/es\/wp-json\/wp\/v2\/product"}],"about":[{"href":"https:\/\/vitalstoffversand.com\/es\/wp-json\/wp\/v2\/types\/product"}],"wp:featuredmedia":[{"embeddable":true,"href":"https:\/\/vitalstoffversand.com\/es\/wp-json\/wp\/v2\/media\/53771"}],"wp:attachment":[{"href":"https:\/\/vitalstoffversand.com\/es\/wp-json\/wp\/v2\/media?parent=27117"}],"wp:term":[{"taxonomy":"product_brand","embeddable":true,"href":"https:\/\/vitalstoffversand.com\/es\/wp-json\/wp\/v2\/product_brand?post=27117"},{"taxonomy":"product_cat","embeddable":true,"href":"https:\/\/vitalstoffversand.com\/es\/wp-json\/wp\/v2\/product_cat?post=27117"},{"taxonomy":"product_tag","embeddable":true,"href":"https:\/\/vitalstoffversand.com\/es\/wp-json\/wp\/v2\/product_tag?post=27117"}],"curies":[{"name":"wp","href":"https:\/\/api.w.org\/{rel}","templated":true}]}}