{"id":27112,"date":"2024-11-11T15:10:08","date_gmt":"2024-11-11T14:10:08","guid":{"rendered":"https:\/\/vitalstoffversand.com\/produkt\/vit4ever-potasio-240-capsulas\/"},"modified":"2026-03-16T12:00:52","modified_gmt":"2026-03-16T11:00:52","slug":"vit4ever-potasio-240-capsulas","status":"publish","type":"product","link":"https:\/\/vitalstoffversand.com\/es\/producto\/vit4ever-potasio-240-capsulas\/","title":{"rendered":"Vit4ever <br>Kalium &#8211; 365 Kapseln"},"content":{"rendered":"<p>El potasio (aqu\u00ed como citrato de potasio) es un mineral o electrolito y debe ingerirse diariamente con los alimentos.<\/p>\n<p>Desempe\u00f1a un papel importante en la hidrataci\u00f3n de nuestras c\u00e9lulas, as\u00ed como en el control de nuestros m\u00fasculos y la comunicaci\u00f3n de nuestras c\u00e9lulas nerviosas.<\/p>\n<p>Una dieta desequilibrada y \u00abpoco saludable\u00bb puede provocar un desequilibrio entre el sodio (sal) y el potasio, por lo que la administraci\u00f3n de suplementos de potasio puede ser necesaria o aconsejable en determinados casos.<\/p>\n<ul>\n<li>Vegano<\/li>\n<li>Sin gluten<\/li>\n<li>Sin lactosa<\/li>\n<li>Sin OGM<\/li>\n<li>Fabricado seg\u00fan los estrictos est\u00e1ndares de calidad de la UE.<\/li>\n<\/ul>\n","protected":false},"excerpt":{"rendered":"<p>El potasio (aqu\u00ed como citrato de potasio) es un mineral o electrolito y debe ingerirse diariamente con los alimentos. Desempe\u00f1a un papel importante en la hidrataci\u00f3n de nuestras c\u00e9lulas, as\u00ed como en el control de nuestros m\u00fasculos y la comunicaci\u00f3n de nuestras c\u00e9lulas nerviosas. Una dieta desequilibrada y \u00abpoco saludable\u00bb puede provocar un desequilibrio entre [&hellip;]<\/p>\n","protected":false},"featured_media":54803,"template":"","meta":{"_acf_changed":false},"product_brand":[10219],"product_cat":[342,363],"product_tag":[],"class_list":{"0":"post-27112","1":"product","2":"type-product","3":"status-publish","4":"has-post-thumbnail","6":"product_brand-vit4ever-es","7":"product_cat-minerales-y-oligoelementos","8":"product_cat-productos-de-a-z","10":"first","11":"instock","12":"taxable","13":"shipping-taxable","14":"purchasable","15":"product-type-simple"},"acf":[],"_links":{"self":[{"href":"https:\/\/vitalstoffversand.com\/es\/wp-json\/wp\/v2\/product\/27112","targetHints":{"allow":["GET"]}}],"collection":[{"href":"https:\/\/vitalstoffversand.com\/es\/wp-json\/wp\/v2\/product"}],"about":[{"href":"https:\/\/vitalstoffversand.com\/es\/wp-json\/wp\/v2\/types\/product"}],"wp:featuredmedia":[{"embeddable":true,"href":"https:\/\/vitalstoffversand.com\/es\/wp-json\/wp\/v2\/media\/54803"}],"wp:attachment":[{"href":"https:\/\/vitalstoffversand.com\/es\/wp-json\/wp\/v2\/media?parent=27112"}],"wp:term":[{"taxonomy":"product_brand","embeddable":true,"href":"https:\/\/vitalstoffversand.com\/es\/wp-json\/wp\/v2\/product_brand?post=27112"},{"taxonomy":"product_cat","embeddable":true,"href":"https:\/\/vitalstoffversand.com\/es\/wp-json\/wp\/v2\/product_cat?post=27112"},{"taxonomy":"product_tag","embeddable":true,"href":"https:\/\/vitalstoffversand.com\/es\/wp-json\/wp\/v2\/product_tag?post=27112"}],"curies":[{"name":"wp","href":"https:\/\/api.w.org\/{rel}","templated":true}]}}