{"id":27108,"date":"2024-11-11T14:59:56","date_gmt":"2024-11-11T13:59:56","guid":{"rendered":"https:\/\/vitalstoffversand.com\/produkt\/vit4ever-extracto-de-granada-240-capsulas\/"},"modified":"2026-03-15T18:13:54","modified_gmt":"2026-03-15T17:13:54","slug":"vit4ever-extracto-de-granada-240-capsulas","status":"publish","type":"product","link":"https:\/\/vitalstoffversand.com\/es\/producto\/vit4ever-extracto-de-granada-240-capsulas\/","title":{"rendered":"Vit4ever <br>Extracto de granada &#8211; 240 c\u00e1psulas"},"content":{"rendered":"<p>La granada tiene un alto contenido en polifenoles naturales, que son antioxidantes, y tambi\u00e9n es rica en potasio, hierro y vitaminas del grupo B.<\/p>\n<p>El extracto de granada contiene una proporci\u00f3n extremadamente elevada del polifenol \u00e1cido el\u00e1gico, presente en este producto en un nivel del 40%.<\/p>\n<ul>\n<li>Vegano<\/li>\n<li>Sin gluten<\/li>\n<li>Sin lactosa<\/li>\n<li>Sin OGM<\/li>\n<li>Fabricado seg\u00fan los estrictos est\u00e1ndares de calidad de la UE.<\/li>\n<\/ul>\n","protected":false},"excerpt":{"rendered":"<p>La granada tiene un alto contenido en polifenoles naturales, que son antioxidantes, y tambi\u00e9n es rica en potasio, hierro y vitaminas del grupo B. El extracto de granada contiene una proporci\u00f3n extremadamente elevada del polifenol \u00e1cido el\u00e1gico, presente en este producto en un nivel del 40%. Vegano Sin gluten Sin lactosa Sin OGM Fabricado seg\u00fan [&hellip;]<\/p>\n","protected":false},"featured_media":53635,"template":"","meta":{"_acf_changed":false},"product_brand":[10219],"product_cat":[350,363],"product_tag":[],"class_list":{"0":"post-27108","1":"product","2":"type-product","3":"status-publish","4":"has-post-thumbnail","6":"product_brand-vit4ever-es","7":"product_cat-nutrientes","8":"product_cat-productos-de-a-z","10":"first","11":"instock","12":"taxable","13":"shipping-taxable","14":"purchasable","15":"product-type-simple"},"acf":[],"_links":{"self":[{"href":"https:\/\/vitalstoffversand.com\/es\/wp-json\/wp\/v2\/product\/27108","targetHints":{"allow":["GET"]}}],"collection":[{"href":"https:\/\/vitalstoffversand.com\/es\/wp-json\/wp\/v2\/product"}],"about":[{"href":"https:\/\/vitalstoffversand.com\/es\/wp-json\/wp\/v2\/types\/product"}],"wp:featuredmedia":[{"embeddable":true,"href":"https:\/\/vitalstoffversand.com\/es\/wp-json\/wp\/v2\/media\/53635"}],"wp:attachment":[{"href":"https:\/\/vitalstoffversand.com\/es\/wp-json\/wp\/v2\/media?parent=27108"}],"wp:term":[{"taxonomy":"product_brand","embeddable":true,"href":"https:\/\/vitalstoffversand.com\/es\/wp-json\/wp\/v2\/product_brand?post=27108"},{"taxonomy":"product_cat","embeddable":true,"href":"https:\/\/vitalstoffversand.com\/es\/wp-json\/wp\/v2\/product_cat?post=27108"},{"taxonomy":"product_tag","embeddable":true,"href":"https:\/\/vitalstoffversand.com\/es\/wp-json\/wp\/v2\/product_tag?post=27108"}],"curies":[{"name":"wp","href":"https:\/\/api.w.org\/{rel}","templated":true}]}}