{"id":27106,"date":"2024-11-11T15:52:10","date_gmt":"2024-11-11T14:52:10","guid":{"rendered":"https:\/\/vitalstoffversand.com\/produkt\/vit4ever-complejo-probio-25-180-capsulas\/"},"modified":"2026-03-16T11:03:01","modified_gmt":"2026-03-16T10:03:01","slug":"vit4ever-complejo-probio-25-180-capsulas","status":"publish","type":"product","link":"https:\/\/vitalstoffversand.com\/es\/producto\/vit4ever-complejo-probio-25-180-capsulas\/","title":{"rendered":"Vit4ever <br>Complejo Probio 25 &#8211; 180 c\u00e1psulas"},"content":{"rendered":"<p>Nuestro intestino es un importante centro de nuestra salud y est\u00e1 colonizado por cientos de tipos diferentes de bacterias intestinales.<\/p>\n<p>El equilibrio entre bacterias intestinales \u00abbuenas\u00bb y \u00abmalas\u00bb a menudo se desequilibra, por ejemplo debido a una dieta desequilibrada, por lo que debemos intervenir para favorecerlo.<\/p>\n<p>Probio 25 Complex contiene 25 cepas bacterianas diferentes y perfectamente armonizadas que ayudan a restablecer un equilibrio saludable de las bacterias intestinales.<\/p>\n<p>El producto tambi\u00e9n contiene inulina, que proporciona a las bacterias una fuente de nutrientes desde el principio.<\/p>\n<p>Las Bright JC Caps gastrorresistentes garantizan que las bacterias no sean destruidas por el \u00e1cido del est\u00f3mago, ya que su liberaci\u00f3n se retrasa en el intestino delgado.<\/p>\n<ul>\n<li>Vegetariano<\/li>\n<li>Sin gluten<\/li>\n<li>Sin lactosa<\/li>\n<li>Sin OGM<\/li>\n<li>Fabricado seg\u00fan los estrictos est\u00e1ndares de calidad de la UE.<\/li>\n<\/ul>\n","protected":false},"excerpt":{"rendered":"<p>Nuestro intestino es un importante centro de nuestra salud y est\u00e1 colonizado por cientos de tipos diferentes de bacterias intestinales. El equilibrio entre bacterias intestinales \u00abbuenas\u00bb y \u00abmalas\u00bb a menudo se desequilibra, por ejemplo debido a una dieta desequilibrada, por lo que debemos intervenir para favorecerlo. Probio 25 Complex contiene 25 cepas bacterianas diferentes y [&hellip;]<\/p>\n","protected":false},"featured_media":60075,"template":"","meta":{"_acf_changed":false},"product_brand":[10219],"product_cat":[350,363],"product_tag":[],"class_list":{"0":"post-27106","1":"product","2":"type-product","3":"status-publish","4":"has-post-thumbnail","6":"product_brand-vit4ever-es","7":"product_cat-nutrientes","8":"product_cat-productos-de-a-z","10":"first","11":"outofstock","12":"taxable","13":"shipping-taxable","14":"purchasable","15":"product-type-simple"},"acf":[],"_links":{"self":[{"href":"https:\/\/vitalstoffversand.com\/es\/wp-json\/wp\/v2\/product\/27106","targetHints":{"allow":["GET"]}}],"collection":[{"href":"https:\/\/vitalstoffversand.com\/es\/wp-json\/wp\/v2\/product"}],"about":[{"href":"https:\/\/vitalstoffversand.com\/es\/wp-json\/wp\/v2\/types\/product"}],"wp:featuredmedia":[{"embeddable":true,"href":"https:\/\/vitalstoffversand.com\/es\/wp-json\/wp\/v2\/media\/60075"}],"wp:attachment":[{"href":"https:\/\/vitalstoffversand.com\/es\/wp-json\/wp\/v2\/media?parent=27106"}],"wp:term":[{"taxonomy":"product_brand","embeddable":true,"href":"https:\/\/vitalstoffversand.com\/es\/wp-json\/wp\/v2\/product_brand?post=27106"},{"taxonomy":"product_cat","embeddable":true,"href":"https:\/\/vitalstoffversand.com\/es\/wp-json\/wp\/v2\/product_cat?post=27106"},{"taxonomy":"product_tag","embeddable":true,"href":"https:\/\/vitalstoffversand.com\/es\/wp-json\/wp\/v2\/product_tag?post=27106"}],"curies":[{"name":"wp","href":"https:\/\/api.w.org\/{rel}","templated":true}]}}