{"id":27053,"date":"2024-11-11T14:53:57","date_gmt":"2024-11-11T13:53:57","guid":{"rendered":"https:\/\/vitalstoffversand.com\/produkt\/vit4ever-melatonina-365-comprimidos\/"},"modified":"2026-03-15T18:11:00","modified_gmt":"2026-03-15T17:11:00","slug":"vit4ever-melatonina-365-comprimidos","status":"publish","type":"product","link":"https:\/\/vitalstoffversand.com\/es\/producto\/vit4ever-melatonina-365-comprimidos\/","title":{"rendered":"Vit4ever <br>Melatonina &#8211; 365 comprimidos"},"content":{"rendered":"<p>La melatonina es la hormona del sue\u00f1o propia del organismo y controla nuestro ritmo d\u00eda-noche, es decir, nuestro \u00abreloj interno\u00bb, con la ayuda de su \u00abhom\u00f3logo\u00bb el cortisol.<br \/>\nEs, por tanto, la forma m\u00e1s natural de promover el sue\u00f1o.<\/p>\n<p>Por lo tanto, en el caso de los trastornos del sue\u00f1o, es mejor utilizar la propia hormona de nuestro cuerpo en lugar de un somn\u00edfero qu\u00edmico, que en muchos casos tambi\u00e9n puede provocar dependencias e intolerancias. Este peligro no existe con la melatonina.<\/p>\n<p>La melatonina tambi\u00e9n puede combinarse f\u00e1cilmente con otras sustancias calmantes como el l\u00fapulo, la valeriana o similares sin causar efectos indeseables.<\/p>\n<ul>\n<li>Vegano<\/li>\n<li>Sin gluten<\/li>\n<li>Sin lactosa<\/li>\n<li>Sin OGM<\/li>\n<li>Fabricado seg\u00fan los estrictos est\u00e1ndares de calidad de la UE.<\/li>\n<\/ul>\n","protected":false},"excerpt":{"rendered":"<p>La melatonina es la hormona del sue\u00f1o propia del organismo y controla nuestro ritmo d\u00eda-noche, es decir, nuestro \u00abreloj interno\u00bb, con la ayuda de su \u00abhom\u00f3logo\u00bb el cortisol. Es, por tanto, la forma m\u00e1s natural de promover el sue\u00f1o. Por lo tanto, en el caso de los trastornos del sue\u00f1o, es mejor utilizar la propia [&hellip;]<\/p>\n","protected":false},"featured_media":53563,"template":"","meta":{"_acf_changed":false},"product_brand":[10219],"product_cat":[350,363],"product_tag":[],"class_list":{"0":"post-27053","1":"product","2":"type-product","3":"status-publish","4":"has-post-thumbnail","6":"product_brand-vit4ever-es","7":"product_cat-nutrientes","8":"product_cat-productos-de-a-z","10":"first","11":"outofstock","12":"taxable","13":"shipping-taxable","14":"purchasable","15":"product-type-simple"},"acf":[],"_links":{"self":[{"href":"https:\/\/vitalstoffversand.com\/es\/wp-json\/wp\/v2\/product\/27053","targetHints":{"allow":["GET"]}}],"collection":[{"href":"https:\/\/vitalstoffversand.com\/es\/wp-json\/wp\/v2\/product"}],"about":[{"href":"https:\/\/vitalstoffversand.com\/es\/wp-json\/wp\/v2\/types\/product"}],"wp:featuredmedia":[{"embeddable":true,"href":"https:\/\/vitalstoffversand.com\/es\/wp-json\/wp\/v2\/media\/53563"}],"wp:attachment":[{"href":"https:\/\/vitalstoffversand.com\/es\/wp-json\/wp\/v2\/media?parent=27053"}],"wp:term":[{"taxonomy":"product_brand","embeddable":true,"href":"https:\/\/vitalstoffversand.com\/es\/wp-json\/wp\/v2\/product_brand?post=27053"},{"taxonomy":"product_cat","embeddable":true,"href":"https:\/\/vitalstoffversand.com\/es\/wp-json\/wp\/v2\/product_cat?post=27053"},{"taxonomy":"product_tag","embeddable":true,"href":"https:\/\/vitalstoffversand.com\/es\/wp-json\/wp\/v2\/product_tag?post=27053"}],"curies":[{"name":"wp","href":"https:\/\/api.w.org\/{rel}","templated":true}]}}