{"id":27048,"date":"2024-11-11T14:46:38","date_gmt":"2024-11-11T13:46:38","guid":{"rendered":"https:\/\/vitalstoffversand.com\/produkt\/vit4ever-agitador-600-ml-2-compartimentos\/"},"modified":"2026-03-15T18:04:13","modified_gmt":"2026-03-15T17:04:13","slug":"vit4ever-agitador-600-ml-2-compartimentos","status":"publish","type":"product","link":"https:\/\/vitalstoffversand.com\/es\/producto\/vit4ever-agitador-600-ml-2-compartimentos\/","title":{"rendered":"Vit4ever <br>Agitador 600 ml + 2 compartimentos"},"content":{"rendered":"<p>Pr\u00e1ctico dosificador con compartimentos adicionales para polvos, comprimidos, pastillas y dem\u00e1s, y con impresi\u00f3n.<\/p>\n<ul>\n<li>Jarra medidora con capacidad de 600 ml<\/li>\n<li>Compartimentos adicionales de 150 ml y 200 ml para prote\u00ednas en polvo y pastillas<\/li>\n<li>incluido el tamiz<\/li>\n<\/ul>\n<p>Se suministra sin contenido.<\/p>\n","protected":false},"excerpt":{"rendered":"<p>Pr\u00e1ctico dosificador con compartimentos adicionales para polvos, comprimidos, pastillas y dem\u00e1s, y con impresi\u00f3n. Jarra medidora con capacidad de 600 ml Compartimentos adicionales de 150 ml y 200 ml para prote\u00ednas en polvo y pastillas incluido el tamiz Se suministra sin contenido.<\/p>\n","protected":false},"featured_media":53547,"template":"","meta":{"_acf_changed":false},"product_brand":[],"product_cat":[370],"product_tag":[],"class_list":{"0":"post-27048","1":"product","2":"type-product","3":"status-publish","4":"has-post-thumbnail","6":"product_cat-b2b-es","8":"first","9":"instock","10":"taxable","11":"shipping-taxable","12":"purchasable","13":"product-type-simple"},"acf":[],"_links":{"self":[{"href":"https:\/\/vitalstoffversand.com\/es\/wp-json\/wp\/v2\/product\/27048","targetHints":{"allow":["GET"]}}],"collection":[{"href":"https:\/\/vitalstoffversand.com\/es\/wp-json\/wp\/v2\/product"}],"about":[{"href":"https:\/\/vitalstoffversand.com\/es\/wp-json\/wp\/v2\/types\/product"}],"wp:featuredmedia":[{"embeddable":true,"href":"https:\/\/vitalstoffversand.com\/es\/wp-json\/wp\/v2\/media\/53547"}],"wp:attachment":[{"href":"https:\/\/vitalstoffversand.com\/es\/wp-json\/wp\/v2\/media?parent=27048"}],"wp:term":[{"taxonomy":"product_brand","embeddable":true,"href":"https:\/\/vitalstoffversand.com\/es\/wp-json\/wp\/v2\/product_brand?post=27048"},{"taxonomy":"product_cat","embeddable":true,"href":"https:\/\/vitalstoffversand.com\/es\/wp-json\/wp\/v2\/product_cat?post=27048"},{"taxonomy":"product_tag","embeddable":true,"href":"https:\/\/vitalstoffversand.com\/es\/wp-json\/wp\/v2\/product_tag?post=27048"}],"curies":[{"name":"wp","href":"https:\/\/api.w.org\/{rel}","templated":true}]}}