{"id":27017,"date":"2024-11-11T14:33:19","date_gmt":"2024-11-11T13:33:19","guid":{"rendered":"https:\/\/vitalstoffversand.com\/produkt\/vit4ever-ashwagandha-ecologica-365-capsulas\/"},"modified":"2026-03-15T17:44:33","modified_gmt":"2026-03-15T16:44:33","slug":"vit4ever-ashwagandha-ecologica-365-capsulas","status":"publish","type":"product","link":"https:\/\/vitalstoffversand.com\/es\/producto\/vit4ever-ashwagandha-ecologica-365-capsulas\/","title":{"rendered":"Vit4ever <br>Ashwagandha ecol\u00f3gica &#8211; 365 c\u00e1psulas"},"content":{"rendered":"<p>La Ashwagandha org\u00e1nica (Withania Sominifera) contiene diversas sustancias vegetales, especialmente en las ra\u00edces, como los alcaloides anaferina, anahigrina, cuscohigrina, nicotina, tropina, withasomnina y los withan\u00f3lidos somniferan\u00f3lido, somniwithan\u00f3lido, withaferina A y withasomniferan\u00f3lido.<\/p>\n<p>La ashwagandha, tambi\u00e9n conocida como la baya del sue\u00f1o, se utiliza con mucho \u00e9xito en la medicina ayurv\u00e9dica y tambi\u00e9n se est\u00e1 investigando en los pa\u00edses occidentales por sus posibles efectos calmantes y reductores del estr\u00e9s.<\/p>\n<ul>\n<li>Vegano<\/li>\n<li>Sin gluten<\/li>\n<li>Sin lactosa<\/li>\n<li>Sin OGM<\/li>\n<li>Fabricado seg\u00fan los estrictos est\u00e1ndares de calidad de la UE.<\/li>\n<\/ul>\n","protected":false},"excerpt":{"rendered":"<p>La Ashwagandha org\u00e1nica (Withania Sominifera) contiene diversas sustancias vegetales, especialmente en las ra\u00edces, como los alcaloides anaferina, anahigrina, cuscohigrina, nicotina, tropina, withasomnina y los withan\u00f3lidos somniferan\u00f3lido, somniwithan\u00f3lido, withaferina A y withasomniferan\u00f3lido. La ashwagandha, tambi\u00e9n conocida como la baya del sue\u00f1o, se utiliza con mucho \u00e9xito en la medicina ayurv\u00e9dica y tambi\u00e9n se est\u00e1 investigando en [&hellip;]<\/p>\n","protected":false},"featured_media":53131,"template":"","meta":{"_acf_changed":false},"product_brand":[10219],"product_cat":[350,363],"product_tag":[],"class_list":{"0":"post-27017","1":"product","2":"type-product","3":"status-publish","4":"has-post-thumbnail","6":"product_brand-vit4ever-es","7":"product_cat-nutrientes","8":"product_cat-productos-de-a-z","10":"first","11":"outofstock","12":"taxable","13":"shipping-taxable","14":"purchasable","15":"product-type-simple"},"acf":[],"_links":{"self":[{"href":"https:\/\/vitalstoffversand.com\/es\/wp-json\/wp\/v2\/product\/27017","targetHints":{"allow":["GET"]}}],"collection":[{"href":"https:\/\/vitalstoffversand.com\/es\/wp-json\/wp\/v2\/product"}],"about":[{"href":"https:\/\/vitalstoffversand.com\/es\/wp-json\/wp\/v2\/types\/product"}],"wp:featuredmedia":[{"embeddable":true,"href":"https:\/\/vitalstoffversand.com\/es\/wp-json\/wp\/v2\/media\/53131"}],"wp:attachment":[{"href":"https:\/\/vitalstoffversand.com\/es\/wp-json\/wp\/v2\/media?parent=27017"}],"wp:term":[{"taxonomy":"product_brand","embeddable":true,"href":"https:\/\/vitalstoffversand.com\/es\/wp-json\/wp\/v2\/product_brand?post=27017"},{"taxonomy":"product_cat","embeddable":true,"href":"https:\/\/vitalstoffversand.com\/es\/wp-json\/wp\/v2\/product_cat?post=27017"},{"taxonomy":"product_tag","embeddable":true,"href":"https:\/\/vitalstoffversand.com\/es\/wp-json\/wp\/v2\/product_tag?post=27017"}],"curies":[{"name":"wp","href":"https:\/\/api.w.org\/{rel}","templated":true}]}}