{"id":26997,"date":"2024-11-11T14:23:55","date_gmt":"2024-11-11T13:23:55","guid":{"rendered":"https:\/\/vitalstoffversand.com\/produkt\/vit4ever-coenzima-q10-diferentes-cantidades\/"},"modified":"2026-03-15T17:35:39","modified_gmt":"2026-03-15T16:35:39","slug":"vit4ever-coenzima-q10-diferentes-cantidades","status":"publish","type":"product","link":"https:\/\/vitalstoffversand.com\/es\/producto\/vit4ever-coenzima-q10-diferentes-cantidades\/","title":{"rendered":"Vit4ever <br>Coenzima Q10 &#8211; 120 c\u00e1psulas"},"content":{"rendered":"<p>La coenzima Q10 act\u00faa como donante de electrones y protones en las c\u00e9lulas de nuestro organismo.<\/p>\n<p>Dado que la producci\u00f3n propia de esta mol\u00e9cula org\u00e1nica disminuye significativamente a partir de los 40 a\u00f1os, la administraci\u00f3n de suplementos puede tener mucho sentido.<\/p>\n<ul>\n<li>Vegano<\/li>\n<li>Sin gluten<\/li>\n<li>Sin lactosa<\/li>\n<li>Sin OGM<\/li>\n<li>Fabricado seg\u00fan los estrictos est\u00e1ndares de calidad de la UE.<\/li>\n<\/ul>\n","protected":false},"excerpt":{"rendered":"<p>La coenzima Q10 act\u00faa como donante de electrones y protones en las c\u00e9lulas de nuestro organismo. Dado que la producci\u00f3n propia de esta mol\u00e9cula org\u00e1nica disminuye significativamente a partir de los 40 a\u00f1os, la administraci\u00f3n de suplementos puede tener mucho sentido. Vegano Sin gluten Sin lactosa Sin OGM Fabricado seg\u00fan los estrictos est\u00e1ndares de calidad [&hellip;]<\/p>\n","protected":false},"featured_media":52963,"template":"","meta":{"_acf_changed":false},"product_brand":[10219],"product_cat":[350,363],"product_tag":[],"class_list":{"0":"post-26997","1":"product","2":"type-product","3":"status-publish","4":"has-post-thumbnail","6":"product_brand-vit4ever-es","7":"product_cat-nutrientes","8":"product_cat-productos-de-a-z","10":"first","11":"instock","12":"taxable","13":"shipping-taxable","14":"purchasable","15":"product-type-simple"},"acf":[],"_links":{"self":[{"href":"https:\/\/vitalstoffversand.com\/es\/wp-json\/wp\/v2\/product\/26997","targetHints":{"allow":["GET"]}}],"collection":[{"href":"https:\/\/vitalstoffversand.com\/es\/wp-json\/wp\/v2\/product"}],"about":[{"href":"https:\/\/vitalstoffversand.com\/es\/wp-json\/wp\/v2\/types\/product"}],"wp:featuredmedia":[{"embeddable":true,"href":"https:\/\/vitalstoffversand.com\/es\/wp-json\/wp\/v2\/media\/52963"}],"wp:attachment":[{"href":"https:\/\/vitalstoffversand.com\/es\/wp-json\/wp\/v2\/media?parent=26997"}],"wp:term":[{"taxonomy":"product_brand","embeddable":true,"href":"https:\/\/vitalstoffversand.com\/es\/wp-json\/wp\/v2\/product_brand?post=26997"},{"taxonomy":"product_cat","embeddable":true,"href":"https:\/\/vitalstoffversand.com\/es\/wp-json\/wp\/v2\/product_cat?post=26997"},{"taxonomy":"product_tag","embeddable":true,"href":"https:\/\/vitalstoffversand.com\/es\/wp-json\/wp\/v2\/product_tag?post=26997"}],"curies":[{"name":"wp","href":"https:\/\/api.w.org\/{rel}","templated":true}]}}