{"id":26988,"date":"2024-11-11T14:22:49","date_gmt":"2024-11-11T13:22:49","guid":{"rendered":"https:\/\/vitalstoffversand.com\/produkt\/vit4ever-astragalus-intenso-180-capsulas\/"},"modified":"2026-03-15T17:35:41","modified_gmt":"2026-03-15T16:35:41","slug":"vit4ever-astragalus-intenso-180-capsulas","status":"publish","type":"product","link":"https:\/\/vitalstoffversand.com\/es\/producto\/vit4ever-astragalus-intenso-180-capsulas\/","title":{"rendered":"Vit4ever <br>Astragalus Intenso &#8211; 180 c\u00e1psulas"},"content":{"rendered":"<p>Aunque el astr\u00e1galo se utiliza en la medicina tradicional china desde hace m\u00e1s de 4.000 a\u00f1os, no existen estudios de alta calidad sobre la eficacia m\u00e9dica real de la administraci\u00f3n de suplementos de astr\u00e1galo por s\u00ed sola.<\/p>\n<p>Aunque el astr\u00e1galo es probablemente seguro para la mayor\u00eda de las personas, las mujeres embarazadas, las madres lactantes, los ni\u00f1os y las personas con enfermedades autoinmunes o hep\u00e1ticas deben evitar el producto.<\/p>\n<p>El astr\u00e1galo tambi\u00e9n tiene un alto potencial de interacciones no deseadas con un gran n\u00famero de grupos de medicamentos, por lo que aconsejamos precauci\u00f3n.<\/p>\n<ul>\n<li>Vegano<\/li>\n<li>Sin gluten<\/li>\n<li>Sin lactosa<\/li>\n<li>Sin OGM<\/li>\n<li>Fabricado seg\u00fan los estrictos est\u00e1ndares de calidad de la UE.<\/li>\n<\/ul>\n","protected":false},"excerpt":{"rendered":"<p>Aunque el astr\u00e1galo se utiliza en la medicina tradicional china desde hace m\u00e1s de 4.000 a\u00f1os, no existen estudios de alta calidad sobre la eficacia m\u00e9dica real de la administraci\u00f3n de suplementos de astr\u00e1galo por s\u00ed sola. Aunque el astr\u00e1galo es probablemente seguro para la mayor\u00eda de las personas, las mujeres embarazadas, las madres lactantes, [&hellip;]<\/p>\n","protected":false},"featured_media":52923,"template":"","meta":{"_acf_changed":false},"product_brand":[10219],"product_cat":[350,363],"product_tag":[],"class_list":{"0":"post-26988","1":"product","2":"type-product","3":"status-publish","4":"has-post-thumbnail","6":"product_brand-vit4ever-es","7":"product_cat-nutrientes","8":"product_cat-productos-de-a-z","10":"first","11":"instock","12":"taxable","13":"shipping-taxable","14":"purchasable","15":"product-type-simple"},"acf":[],"_links":{"self":[{"href":"https:\/\/vitalstoffversand.com\/es\/wp-json\/wp\/v2\/product\/26988","targetHints":{"allow":["GET"]}}],"collection":[{"href":"https:\/\/vitalstoffversand.com\/es\/wp-json\/wp\/v2\/product"}],"about":[{"href":"https:\/\/vitalstoffversand.com\/es\/wp-json\/wp\/v2\/types\/product"}],"wp:featuredmedia":[{"embeddable":true,"href":"https:\/\/vitalstoffversand.com\/es\/wp-json\/wp\/v2\/media\/52923"}],"wp:attachment":[{"href":"https:\/\/vitalstoffversand.com\/es\/wp-json\/wp\/v2\/media?parent=26988"}],"wp:term":[{"taxonomy":"product_brand","embeddable":true,"href":"https:\/\/vitalstoffversand.com\/es\/wp-json\/wp\/v2\/product_brand?post=26988"},{"taxonomy":"product_cat","embeddable":true,"href":"https:\/\/vitalstoffversand.com\/es\/wp-json\/wp\/v2\/product_cat?post=26988"},{"taxonomy":"product_tag","embeddable":true,"href":"https:\/\/vitalstoffversand.com\/es\/wp-json\/wp\/v2\/product_tag?post=26988"}],"curies":[{"name":"wp","href":"https:\/\/api.w.org\/{rel}","templated":true}]}}