{"id":26982,"date":"2024-11-11T14:18:40","date_gmt":"2024-11-11T13:18:40","guid":{"rendered":"https:\/\/vitalstoffversand.com\/produkt\/vit4ever-mezcla-de-fibras-dieteticas-400-g\/"},"modified":"2026-03-15T16:56:19","modified_gmt":"2026-03-15T15:56:19","slug":"vit4ever-mezcla-de-fibras-dieteticas-400-g","status":"publish","type":"product","link":"https:\/\/vitalstoffversand.com\/es\/producto\/vit4ever-mezcla-de-fibras-dieteticas-400-g\/","title":{"rendered":"Vit4ever <br>Mezcla de fibras diet\u00e9ticas &#8211; 400 g"},"content":{"rendered":"<p>La fibra es esencial para un sistema digestivo sano y una buena digesti\u00f3n. Un intestino sano es esencial para un sistema inmunitario fuerte, pero los h\u00e1bitos alimentarios \u00abmodernos\u00bb hacen que a menudo ya no consumamos suficiente fibra.<\/p>\n<p>Aromatizado con \u00e1cido c\u00edtrico, aroma natural de pi\u00f1a y eritritol.<\/p>\n<ul>\n<li>Vegano<\/li>\n<li>Sin gluten<\/li>\n<li>Sin lactosa<\/li>\n<li>Sin OGM<\/li>\n<li>Fabricado seg\u00fan los estrictos est\u00e1ndares de calidad de la UE.<\/li>\n<\/ul>\n","protected":false},"excerpt":{"rendered":"<p>La fibra es esencial para un sistema digestivo sano y una buena digesti\u00f3n. Un intestino sano es esencial para un sistema inmunitario fuerte, pero los h\u00e1bitos alimentarios \u00abmodernos\u00bb hacen que a menudo ya no consumamos suficiente fibra. Aromatizado con \u00e1cido c\u00edtrico, aroma natural de pi\u00f1a y eritritol. Vegano Sin gluten Sin lactosa Sin OGM Fabricado [&hellip;]<\/p>\n","protected":false},"featured_media":52867,"template":"","meta":{"_acf_changed":false},"product_brand":[10219],"product_cat":[350,363],"product_tag":[],"class_list":{"0":"post-26982","1":"product","2":"type-product","3":"status-publish","4":"has-post-thumbnail","6":"product_brand-vit4ever-es","7":"product_cat-nutrientes","8":"product_cat-productos-de-a-z","10":"first","11":"instock","12":"taxable","13":"shipping-taxable","14":"purchasable","15":"product-type-simple"},"acf":[],"_links":{"self":[{"href":"https:\/\/vitalstoffversand.com\/es\/wp-json\/wp\/v2\/product\/26982","targetHints":{"allow":["GET"]}}],"collection":[{"href":"https:\/\/vitalstoffversand.com\/es\/wp-json\/wp\/v2\/product"}],"about":[{"href":"https:\/\/vitalstoffversand.com\/es\/wp-json\/wp\/v2\/types\/product"}],"wp:featuredmedia":[{"embeddable":true,"href":"https:\/\/vitalstoffversand.com\/es\/wp-json\/wp\/v2\/media\/52867"}],"wp:attachment":[{"href":"https:\/\/vitalstoffversand.com\/es\/wp-json\/wp\/v2\/media?parent=26982"}],"wp:term":[{"taxonomy":"product_brand","embeddable":true,"href":"https:\/\/vitalstoffversand.com\/es\/wp-json\/wp\/v2\/product_brand?post=26982"},{"taxonomy":"product_cat","embeddable":true,"href":"https:\/\/vitalstoffversand.com\/es\/wp-json\/wp\/v2\/product_cat?post=26982"},{"taxonomy":"product_tag","embeddable":true,"href":"https:\/\/vitalstoffversand.com\/es\/wp-json\/wp\/v2\/product_tag?post=26982"}],"curies":[{"name":"wp","href":"https:\/\/api.w.org\/{rel}","templated":true}]}}