{"id":26981,"date":"2024-11-11T14:13:26","date_gmt":"2024-11-11T13:13:26","guid":{"rendered":"https:\/\/vitalstoffversand.com\/produkt\/vit4ever-resveratrol-60-capsulas\/"},"modified":"2026-03-15T17:07:58","modified_gmt":"2026-03-15T16:07:58","slug":"vit4ever-resveratrol-60-capsulas","status":"publish","type":"product","link":"https:\/\/vitalstoffversand.com\/es\/producto\/vit4ever-resveratrol-60-capsulas\/","title":{"rendered":"Vit4ever <br>Resveratrol &#8211; 60 c\u00e1psulas"},"content":{"rendered":"<p>El resveratrol es una sustancia vegetal secundaria con efecto antioxidante que se encuentra en diversas plantas.<\/p>\n<p>Protege las plantas en periodos h\u00famedos contra los par\u00e1sitos y las infecciones f\u00fangicas, as\u00ed como contra las influencias ambientales negativas, como la fuerte radiaci\u00f3n UV, la contaminaci\u00f3n por ozono y las toxinas.<\/p>\n<ul>\n<li>Vegano<\/li>\n<li>Sin gluten<\/li>\n<li>Sin lactosa<\/li>\n<li>Sin OGM<\/li>\n<li>Fabricado seg\u00fan los estrictos est\u00e1ndares de calidad de la UE.<\/li>\n<\/ul>\n","protected":false},"excerpt":{"rendered":"<p>El resveratrol es una sustancia vegetal secundaria con efecto antioxidante que se encuentra en diversas plantas. Protege las plantas en periodos h\u00famedos contra los par\u00e1sitos y las infecciones f\u00fangicas, as\u00ed como contra las influencias ambientales negativas, como la fuerte radiaci\u00f3n UV, la contaminaci\u00f3n por ozono y las toxinas. Vegano Sin gluten Sin lactosa Sin OGM [&hellip;]<\/p>\n","protected":false},"featured_media":52827,"template":"","meta":{"_acf_changed":false},"product_brand":[10219],"product_cat":[350,363],"product_tag":[],"class_list":{"0":"post-26981","1":"product","2":"type-product","3":"status-publish","4":"has-post-thumbnail","6":"product_brand-vit4ever-es","7":"product_cat-nutrientes","8":"product_cat-productos-de-a-z","10":"first","11":"outofstock","12":"taxable","13":"shipping-taxable","14":"purchasable","15":"product-type-simple"},"acf":[],"_links":{"self":[{"href":"https:\/\/vitalstoffversand.com\/es\/wp-json\/wp\/v2\/product\/26981","targetHints":{"allow":["GET"]}}],"collection":[{"href":"https:\/\/vitalstoffversand.com\/es\/wp-json\/wp\/v2\/product"}],"about":[{"href":"https:\/\/vitalstoffversand.com\/es\/wp-json\/wp\/v2\/types\/product"}],"wp:featuredmedia":[{"embeddable":true,"href":"https:\/\/vitalstoffversand.com\/es\/wp-json\/wp\/v2\/media\/52827"}],"wp:attachment":[{"href":"https:\/\/vitalstoffversand.com\/es\/wp-json\/wp\/v2\/media?parent=26981"}],"wp:term":[{"taxonomy":"product_brand","embeddable":true,"href":"https:\/\/vitalstoffversand.com\/es\/wp-json\/wp\/v2\/product_brand?post=26981"},{"taxonomy":"product_cat","embeddable":true,"href":"https:\/\/vitalstoffversand.com\/es\/wp-json\/wp\/v2\/product_cat?post=26981"},{"taxonomy":"product_tag","embeddable":true,"href":"https:\/\/vitalstoffversand.com\/es\/wp-json\/wp\/v2\/product_tag?post=26981"}],"curies":[{"name":"wp","href":"https:\/\/api.w.org\/{rel}","templated":true}]}}