{"id":26957,"date":"2024-11-14T17:19:21","date_gmt":"2024-11-14T16:19:21","guid":{"rendered":"https:\/\/vitalstoffversand.com\/produkt\/vit4ever-berberina-hcl-intenso-120-capsulas\/"},"modified":"2026-03-15T16:39:52","modified_gmt":"2026-03-15T15:39:52","slug":"vit4ever-berberina-hcl-intenso-120-capsulas","status":"publish","type":"product","link":"https:\/\/vitalstoffversand.com\/es\/producto\/vit4ever-berberina-hcl-intenso-120-capsulas\/","title":{"rendered":"Vit4ever <br>Berberina HCL Intenso &#8211; 120 c\u00e1psulas"},"content":{"rendered":"<p>La berberina es un alcaloide vegetal procedente de las ra\u00edces del hilo de oro chino, que se utiliza en la medicina tradicional china desde hace siglos y despierta cada vez m\u00e1s inter\u00e9s en la medicina occidental por su potencial para la salud.<\/p>\n<ul>\n<li>Vegano<\/li>\n<li>Sin gluten<\/li>\n<li>Sin lactosa<\/li>\n<li>Sin OGM<\/li>\n<li>Fabricado seg\u00fan los estrictos est\u00e1ndares de calidad de la UE.<\/li>\n<\/ul>\n","protected":false},"excerpt":{"rendered":"<p>La berberina es un alcaloide vegetal procedente de las ra\u00edces del hilo de oro chino, que se utiliza en la medicina tradicional china desde hace siglos y despierta cada vez m\u00e1s inter\u00e9s en la medicina occidental por su potencial para la salud. Vegano Sin gluten Sin lactosa Sin OGM Fabricado seg\u00fan los estrictos est\u00e1ndares de [&hellip;]<\/p>\n","protected":false},"featured_media":52571,"template":"","meta":{"_acf_changed":false},"product_brand":[10219],"product_cat":[350,363],"product_tag":[],"class_list":{"0":"post-26957","1":"product","2":"type-product","3":"status-publish","4":"has-post-thumbnail","6":"product_brand-vit4ever-es","7":"product_cat-nutrientes","8":"product_cat-productos-de-a-z","10":"first","11":"instock","12":"taxable","13":"shipping-taxable","14":"purchasable","15":"product-type-simple"},"acf":[],"_links":{"self":[{"href":"https:\/\/vitalstoffversand.com\/es\/wp-json\/wp\/v2\/product\/26957","targetHints":{"allow":["GET"]}}],"collection":[{"href":"https:\/\/vitalstoffversand.com\/es\/wp-json\/wp\/v2\/product"}],"about":[{"href":"https:\/\/vitalstoffversand.com\/es\/wp-json\/wp\/v2\/types\/product"}],"wp:featuredmedia":[{"embeddable":true,"href":"https:\/\/vitalstoffversand.com\/es\/wp-json\/wp\/v2\/media\/52571"}],"wp:attachment":[{"href":"https:\/\/vitalstoffversand.com\/es\/wp-json\/wp\/v2\/media?parent=26957"}],"wp:term":[{"taxonomy":"product_brand","embeddable":true,"href":"https:\/\/vitalstoffversand.com\/es\/wp-json\/wp\/v2\/product_brand?post=26957"},{"taxonomy":"product_cat","embeddable":true,"href":"https:\/\/vitalstoffversand.com\/es\/wp-json\/wp\/v2\/product_cat?post=26957"},{"taxonomy":"product_tag","embeddable":true,"href":"https:\/\/vitalstoffversand.com\/es\/wp-json\/wp\/v2\/product_tag?post=26957"}],"curies":[{"name":"wp","href":"https:\/\/api.w.org\/{rel}","templated":true}]}}