{"id":26952,"date":"2024-11-11T13:55:38","date_gmt":"2024-11-11T12:55:38","guid":{"rendered":"https:\/\/vitalstoffversand.com\/produkt\/vit4ever-hericium-erinaceus-intenso-180-capsulas\/"},"modified":"2024-11-11T13:55:38","modified_gmt":"2024-11-11T12:55:38","slug":"vit4ever-hericium-erinaceus-intenso-180-capsulas","status":"publish","type":"product","link":"https:\/\/vitalstoffversand.com\/es\/producto\/vit4ever-hericium-erinaceus-intenso-180-capsulas\/","title":{"rendered":"Vit4ever <br>Hericium Erinaceus Intenso &#8211; 180 c\u00e1psulas"},"content":{"rendered":"<p>El Hericium Erinaceus se conoce con muchos nombres, por ejemplo melena de le\u00f3n, seta cabeza de mono o pompon blanc franc\u00e9s.<\/p>\n<p>Hericium Intenso contiene un 30 % de polisac\u00e1ridos y se utiliza en micoterapia para dolencias del aparato digestivo, entre otras.<\/p>\n<p>Lo ideal es combinar el extracto con <a href=\"https:\/\/vitalstoffversand.com\/produkt\/natura-med-bio-hericium-pilzpulver-100-g\/\" target=\"_blank\" rel=\"noopener\">\u2192 Natura Med Bio Hericium erinaceus en polvo<\/a> para aprovechar todo el espectro de principios activos de este hongo medicinal.<\/p>\n<ul>\n<li>vegan<\/li>\n<li>Sin gluten, sin lactosa, sin aromas, sin conservantes, sin estearato de magnesio y, por supuesto, sin OMG.<\/li>\n<li>Sometido a pruebas de laboratorio independientes para detectar contaminaci\u00f3n e impurezas, como metales pesados, moho, E. coli, salmonela y otros criterios de prueba pertinentes.<\/li>\n<\/ul>\n","protected":false},"excerpt":{"rendered":"<p>El Hericium Erinaceus se conoce con muchos nombres, por ejemplo melena de le\u00f3n, seta cabeza de mono o pompon blanc franc\u00e9s. Hericium Intenso contiene un 30 % de polisac\u00e1ridos y se utiliza en micoterapia para dolencias del aparato digestivo, entre otras. Lo ideal es combinar el extracto con \u2192 Natura Med Bio Hericium erinaceus en [&hellip;]<\/p>\n","protected":false},"featured_media":52547,"template":"","meta":{"_acf_changed":false},"product_brand":[10219],"product_cat":[371,363],"product_tag":[],"class_list":{"0":"post-26952","1":"product","2":"type-product","3":"status-publish","4":"has-post-thumbnail","6":"product_brand-vit4ever-es","7":"product_cat-setas-vitales","8":"product_cat-productos-de-a-z","10":"first","11":"outofstock","12":"taxable","13":"shipping-taxable","14":"purchasable","15":"product-type-simple"},"acf":[],"_links":{"self":[{"href":"https:\/\/vitalstoffversand.com\/es\/wp-json\/wp\/v2\/product\/26952","targetHints":{"allow":["GET"]}}],"collection":[{"href":"https:\/\/vitalstoffversand.com\/es\/wp-json\/wp\/v2\/product"}],"about":[{"href":"https:\/\/vitalstoffversand.com\/es\/wp-json\/wp\/v2\/types\/product"}],"wp:featuredmedia":[{"embeddable":true,"href":"https:\/\/vitalstoffversand.com\/es\/wp-json\/wp\/v2\/media\/52547"}],"wp:attachment":[{"href":"https:\/\/vitalstoffversand.com\/es\/wp-json\/wp\/v2\/media?parent=26952"}],"wp:term":[{"taxonomy":"product_brand","embeddable":true,"href":"https:\/\/vitalstoffversand.com\/es\/wp-json\/wp\/v2\/product_brand?post=26952"},{"taxonomy":"product_cat","embeddable":true,"href":"https:\/\/vitalstoffversand.com\/es\/wp-json\/wp\/v2\/product_cat?post=26952"},{"taxonomy":"product_tag","embeddable":true,"href":"https:\/\/vitalstoffversand.com\/es\/wp-json\/wp\/v2\/product_tag?post=26952"}],"curies":[{"name":"wp","href":"https:\/\/api.w.org\/{rel}","templated":true}]}}