{"id":26949,"date":"2024-11-11T13:55:47","date_gmt":"2024-11-11T12:55:47","guid":{"rendered":"https:\/\/vitalstoffversand.com\/produkt\/vit4ever-aceite-vegano-de-algas-omega-3-varias-cantidades\/"},"modified":"2026-03-15T16:34:07","modified_gmt":"2026-03-15T15:34:07","slug":"vit4ever-aceite-vegano-de-algas-omega-3-varias-cantidades","status":"publish","type":"product","link":"https:\/\/vitalstoffversand.com\/es\/producto\/vit4ever-aceite-vegano-de-algas-omega-3-varias-cantidades\/","title":{"rendered":"Vit4ever <br>Aceite de algas vegano con omega 3 &#8211; 90 c\u00e1psulas"},"content":{"rendered":"<p>No siempre es f\u00e1cil para los vegetarianos y veganos obtener suficientes \u00e1cidos grasos omega-3, ya que \u00e9stos se encuentran principalmente en el pescado (graso).<\/p>\n<p>C\u00e1psulas de aceite de algas omega 3 de Schizochytrium sp. con 30% <a href=\"https:\/\/vitalstoffversand.com\/knowledge-base\/docosahexaensaeure-und-eicosapentaensaeure-dha-epa\/\" target=\"_blank\" rel=\"noopener\"><strong><span style=\"color: #0000ff;\">\u2192 DHA (\u00e1cido docosahexaenoico)<\/span><\/strong><\/a> y 15% <a href=\"https:\/\/vitalstoffversand.com\/knowledge-base\/eicosapentaensaeure-und-docosahexaensaeure-epa-dha\/\" target=\"_blank\" rel=\"noopener\"><strong><span style=\"color: #0000ff;\">\u2192 EPA (\u00e1cido eicosapentaenoico)<\/span><\/strong><\/a>. <\/p>\n<p>Las algas ofrecen una soluci\u00f3n ideal en este caso, ya que son 100% vegetarianas y veganas.<\/p>\n<ul>\n<li>Vegano<\/li>\n<li>Sin gluten<\/li>\n<li>Sin lactosa<\/li>\n<li>Sin OGM<\/li>\n<li>Fabricado seg\u00fan los estrictos est\u00e1ndares de calidad de la UE.<\/li>\n<\/ul>\n","protected":false},"excerpt":{"rendered":"<p>No siempre es f\u00e1cil para los vegetarianos y veganos obtener suficientes \u00e1cidos grasos omega-3, ya que \u00e9stos se encuentran principalmente en el pescado (graso). C\u00e1psulas de aceite de algas omega 3 de Schizochytrium sp. con 30% \u2192 DHA (\u00e1cido docosahexaenoico) y 15% \u2192 EPA (\u00e1cido eicosapentaenoico). Las algas ofrecen una soluci\u00f3n ideal en este caso, [&hellip;]<\/p>\n","protected":false},"featured_media":52507,"template":"","meta":{"_acf_changed":false},"product_brand":[10219],"product_cat":[335,363],"product_tag":[],"class_list":{"0":"post-26949","1":"product","2":"type-product","3":"status-publish","4":"has-post-thumbnail","6":"product_brand-vit4ever-es","7":"product_cat-acidos-grasos","8":"product_cat-productos-de-a-z","10":"first","11":"instock","12":"taxable","13":"shipping-taxable","14":"purchasable","15":"product-type-simple"},"acf":[],"_links":{"self":[{"href":"https:\/\/vitalstoffversand.com\/es\/wp-json\/wp\/v2\/product\/26949","targetHints":{"allow":["GET"]}}],"collection":[{"href":"https:\/\/vitalstoffversand.com\/es\/wp-json\/wp\/v2\/product"}],"about":[{"href":"https:\/\/vitalstoffversand.com\/es\/wp-json\/wp\/v2\/types\/product"}],"wp:featuredmedia":[{"embeddable":true,"href":"https:\/\/vitalstoffversand.com\/es\/wp-json\/wp\/v2\/media\/52507"}],"wp:attachment":[{"href":"https:\/\/vitalstoffversand.com\/es\/wp-json\/wp\/v2\/media?parent=26949"}],"wp:term":[{"taxonomy":"product_brand","embeddable":true,"href":"https:\/\/vitalstoffversand.com\/es\/wp-json\/wp\/v2\/product_brand?post=26949"},{"taxonomy":"product_cat","embeddable":true,"href":"https:\/\/vitalstoffversand.com\/es\/wp-json\/wp\/v2\/product_cat?post=26949"},{"taxonomy":"product_tag","embeddable":true,"href":"https:\/\/vitalstoffversand.com\/es\/wp-json\/wp\/v2\/product_tag?post=26949"}],"curies":[{"name":"wp","href":"https:\/\/api.w.org\/{rel}","templated":true}]}}