{"id":26933,"date":"2024-11-11T13:47:32","date_gmt":"2024-11-11T12:47:32","guid":{"rendered":"https:\/\/vitalstoffversand.com\/produkt\/vit4ever-glicina-1100-g\/"},"modified":"2026-03-15T16:33:19","modified_gmt":"2026-03-15T15:33:19","slug":"vit4ever-glicina-1100-g","status":"publish","type":"product","link":"https:\/\/vitalstoffversand.com\/es\/producto\/vit4ever-glicina-1100-g\/","title":{"rendered":"Vit4ever <br>Glicina en polvo &#8211; 1000 g"},"content":{"rendered":"<p>La glicina es un amino\u00e1cido protein\u00f3geno no esencial, necesario para la formaci\u00f3n de glutati\u00f3n, colina, porfirinas, purinas, creatina, col\u00e1geno y hemoglobina, entre otros.<\/p>\n<p>Adem\u00e1s, la glicina es el amino\u00e1cido m\u00e1s abundante en el col\u00e1geno.<\/p>\n<p>El polvo es muy soluble en agua, tiene un sabor ligeramente dulce y, con 1,5 gramos al d\u00eda, basta para m\u00e1s de 700 raciones.<\/p>\n<ul>\n<li>Vegano<\/li>\n<li>Sin gluten<\/li>\n<li>Sin lactosa<\/li>\n<li>Sin OGM<\/li>\n<li>Fabricado seg\u00fan los estrictos est\u00e1ndares de calidad de la UE.<\/li>\n<\/ul>\n","protected":false},"excerpt":{"rendered":"<p>La glicina es un amino\u00e1cido protein\u00f3geno no esencial, necesario para la formaci\u00f3n de glutati\u00f3n, colina, porfirinas, purinas, creatina, col\u00e1geno y hemoglobina, entre otros. Adem\u00e1s, la glicina es el amino\u00e1cido m\u00e1s abundante en el col\u00e1geno. El polvo es muy soluble en agua, tiene un sabor ligeramente dulce y, con 1,5 gramos al d\u00eda, basta para m\u00e1s [&hellip;]<\/p>\n","protected":false},"featured_media":52475,"template":"","meta":{"_acf_changed":false},"product_brand":[10219],"product_cat":[334,363],"product_tag":[],"class_list":{"0":"post-26933","1":"product","2":"type-product","3":"status-publish","4":"has-post-thumbnail","6":"product_brand-vit4ever-es","7":"product_cat-aminoacidos","8":"product_cat-productos-de-a-z","10":"first","11":"instock","12":"taxable","13":"shipping-taxable","14":"purchasable","15":"product-type-simple"},"acf":[],"_links":{"self":[{"href":"https:\/\/vitalstoffversand.com\/es\/wp-json\/wp\/v2\/product\/26933","targetHints":{"allow":["GET"]}}],"collection":[{"href":"https:\/\/vitalstoffversand.com\/es\/wp-json\/wp\/v2\/product"}],"about":[{"href":"https:\/\/vitalstoffversand.com\/es\/wp-json\/wp\/v2\/types\/product"}],"wp:featuredmedia":[{"embeddable":true,"href":"https:\/\/vitalstoffversand.com\/es\/wp-json\/wp\/v2\/media\/52475"}],"wp:attachment":[{"href":"https:\/\/vitalstoffversand.com\/es\/wp-json\/wp\/v2\/media?parent=26933"}],"wp:term":[{"taxonomy":"product_brand","embeddable":true,"href":"https:\/\/vitalstoffversand.com\/es\/wp-json\/wp\/v2\/product_brand?post=26933"},{"taxonomy":"product_cat","embeddable":true,"href":"https:\/\/vitalstoffversand.com\/es\/wp-json\/wp\/v2\/product_cat?post=26933"},{"taxonomy":"product_tag","embeddable":true,"href":"https:\/\/vitalstoffversand.com\/es\/wp-json\/wp\/v2\/product_tag?post=26933"}],"curies":[{"name":"wp","href":"https:\/\/api.w.org\/{rel}","templated":true}]}}