{"id":26928,"date":"2024-11-11T13:39:15","date_gmt":"2024-11-11T12:39:15","guid":{"rendered":"https:\/\/vitalstoffversand.com\/produkt\/vit4ever-aceite-de-oregano-120-capsulas\/"},"modified":"2026-03-15T16:01:04","modified_gmt":"2026-03-15T15:01:04","slug":"vit4ever-aceite-de-oregano-120-capsulas","status":"publish","type":"product","link":"https:\/\/vitalstoffversand.com\/es\/producto\/vit4ever-aceite-de-oregano-120-capsulas\/","title":{"rendered":"Vit4ever <br>Aceite de or\u00e9gano &#8211; 120 c\u00e1psulas"},"content":{"rendered":"<p>El or\u00e9gano se considera tradicionalmente uno de los antibi\u00f3ticos naturales m\u00e1s eficaces jam\u00e1s estudiados.<\/p>\n<p>Tiene altas propiedades antibacterianas, antivirales, fungicidas y analg\u00e9sicas, y puede utilizarse para diversos problemas de salud.<\/p>\n<p><span data-huuid=\"3071040906581903221\">Sus principios activos principales, el carvacrol y el timol, pueden eliminar los microorganismos nocivos e inhibir su crecimiento.<\/span><\/p>\n<ul>\n<li>Sin gluten<\/li>\n<li>Sin lactosa<\/li>\n<li>Sin OGM<\/li>\n<li>Fabricado seg\u00fan los estrictos est\u00e1ndares de calidad de la UE.<\/li>\n<\/ul>\n","protected":false},"excerpt":{"rendered":"<p>El or\u00e9gano se considera tradicionalmente uno de los antibi\u00f3ticos naturales m\u00e1s eficaces jam\u00e1s estudiados. Tiene altas propiedades antibacterianas, antivirales, fungicidas y analg\u00e9sicas, y puede utilizarse para diversos problemas de salud. Sus principios activos principales, el carvacrol y el timol, pueden eliminar los microorganismos nocivos e inhibir su crecimiento. Sin gluten Sin lactosa Sin OGM Fabricado [&hellip;]<\/p>\n","protected":false},"featured_media":61751,"template":"","meta":{"_acf_changed":false},"product_brand":[10219],"product_cat":[350,363],"product_tag":[],"class_list":{"0":"post-26928","1":"product","2":"type-product","3":"status-publish","4":"has-post-thumbnail","6":"product_brand-vit4ever-es","7":"product_cat-nutrientes","8":"product_cat-productos-de-a-z","10":"first","11":"instock","12":"taxable","13":"shipping-taxable","14":"purchasable","15":"product-type-simple"},"acf":[],"_links":{"self":[{"href":"https:\/\/vitalstoffversand.com\/es\/wp-json\/wp\/v2\/product\/26928","targetHints":{"allow":["GET"]}}],"collection":[{"href":"https:\/\/vitalstoffversand.com\/es\/wp-json\/wp\/v2\/product"}],"about":[{"href":"https:\/\/vitalstoffversand.com\/es\/wp-json\/wp\/v2\/types\/product"}],"wp:featuredmedia":[{"embeddable":true,"href":"https:\/\/vitalstoffversand.com\/es\/wp-json\/wp\/v2\/media\/61751"}],"wp:attachment":[{"href":"https:\/\/vitalstoffversand.com\/es\/wp-json\/wp\/v2\/media?parent=26928"}],"wp:term":[{"taxonomy":"product_brand","embeddable":true,"href":"https:\/\/vitalstoffversand.com\/es\/wp-json\/wp\/v2\/product_brand?post=26928"},{"taxonomy":"product_cat","embeddable":true,"href":"https:\/\/vitalstoffversand.com\/es\/wp-json\/wp\/v2\/product_cat?post=26928"},{"taxonomy":"product_tag","embeddable":true,"href":"https:\/\/vitalstoffversand.com\/es\/wp-json\/wp\/v2\/product_tag?post=26928"}],"curies":[{"name":"wp","href":"https:\/\/api.w.org\/{rel}","templated":true}]}}