{"id":26927,"date":"2024-11-10T16:46:30","date_gmt":"2024-11-10T15:46:30","guid":{"rendered":"https:\/\/vitalstoffversand.com\/produkt\/vit4ever-aceite-de-semillas-de-calabaza-420-capsulas\/"},"modified":"2026-03-14T19:18:11","modified_gmt":"2026-03-14T18:18:11","slug":"vit4ever-aceite-de-semillas-de-calabaza-420-capsulas","status":"publish","type":"product","link":"https:\/\/vitalstoffversand.com\/es\/producto\/vit4ever-aceite-de-semillas-de-calabaza-420-capsulas\/","title":{"rendered":"Vit4ever <br>Aceite de semillas de calabaza &#8211; 420 c\u00e1psulas"},"content":{"rendered":"<p>El aceite de semillas de calabaza es rico en \u00e1cidos grasos insaturados, vitaminas, minerales y oligoelementos.<\/p>\n<p>Entre ellos, magnesio, calcio, potasio, f\u00f3sforo, cobre, selenio, zinc, manganeso y vitaminas A, B, C, D, E y K.<\/p>\n<ul>\n<li>Sin gluten<\/li>\n<li>Sin lactosa<\/li>\n<li>Sin OGM<\/li>\n<li>Fabricado seg\u00fan los estrictos est\u00e1ndares de calidad de la UE.<\/li>\n<\/ul>\n","protected":false},"excerpt":{"rendered":"<p>El aceite de semillas de calabaza es rico en \u00e1cidos grasos insaturados, vitaminas, minerales y oligoelementos. Entre ellos, magnesio, calcio, potasio, f\u00f3sforo, cobre, selenio, zinc, manganeso y vitaminas A, B, C, D, E y K. Sin gluten Sin lactosa Sin OGM Fabricado seg\u00fan los estrictos est\u00e1ndares de calidad de la UE.<\/p>\n","protected":false},"featured_media":61713,"template":"","meta":{"_acf_changed":false},"product_brand":[10219],"product_cat":[335,363],"product_tag":[],"class_list":{"0":"post-26927","1":"product","2":"type-product","3":"status-publish","4":"has-post-thumbnail","6":"product_brand-vit4ever-es","7":"product_cat-acidos-grasos","8":"product_cat-productos-de-a-z","10":"first","11":"instock","12":"taxable","13":"shipping-taxable","14":"purchasable","15":"product-type-simple"},"acf":[],"_links":{"self":[{"href":"https:\/\/vitalstoffversand.com\/es\/wp-json\/wp\/v2\/product\/26927","targetHints":{"allow":["GET"]}}],"collection":[{"href":"https:\/\/vitalstoffversand.com\/es\/wp-json\/wp\/v2\/product"}],"about":[{"href":"https:\/\/vitalstoffversand.com\/es\/wp-json\/wp\/v2\/types\/product"}],"wp:featuredmedia":[{"embeddable":true,"href":"https:\/\/vitalstoffversand.com\/es\/wp-json\/wp\/v2\/media\/61713"}],"wp:attachment":[{"href":"https:\/\/vitalstoffversand.com\/es\/wp-json\/wp\/v2\/media?parent=26927"}],"wp:term":[{"taxonomy":"product_brand","embeddable":true,"href":"https:\/\/vitalstoffversand.com\/es\/wp-json\/wp\/v2\/product_brand?post=26927"},{"taxonomy":"product_cat","embeddable":true,"href":"https:\/\/vitalstoffversand.com\/es\/wp-json\/wp\/v2\/product_cat?post=26927"},{"taxonomy":"product_tag","embeddable":true,"href":"https:\/\/vitalstoffversand.com\/es\/wp-json\/wp\/v2\/product_tag?post=26927"}],"curies":[{"name":"wp","href":"https:\/\/api.w.org\/{rel}","templated":true}]}}