{"id":26911,"date":"2024-11-10T16:41:31","date_gmt":"2024-11-10T15:41:31","guid":{"rendered":"https:\/\/vitalstoffversand.com\/produkt\/vit4ever-ajo-negro-180-capsulas\/"},"modified":"2026-03-14T19:02:43","modified_gmt":"2026-03-14T18:02:43","slug":"vit4ever-ajo-negro-180-capsulas","status":"publish","type":"product","link":"https:\/\/vitalstoffversand.com\/es\/producto\/vit4ever-ajo-negro-180-capsulas\/","title":{"rendered":"Vit4ever <br>Ajo negro &#8211; 180 c\u00e1psulas"},"content":{"rendered":"<p>El ajo negro no es m\u00e1s que ajo fermentado, que adquiere entonces una consistencia muy blanda y un sabor dulce y ya no tiene el t\u00edpico olor a ajo.<\/p>\n<p>Sin embargo, las propiedades saludables del \u00abajo normal\u00bb tambi\u00e9n est\u00e1n presentes en el ajo negro.<\/p>\n<ul>\n<li>Vegano<\/li>\n<li>Sin gluten<\/li>\n<li>Sin lactosa<\/li>\n<li>Sin OGM<\/li>\n<li>Fabricado seg\u00fan los estrictos est\u00e1ndares de calidad de la UE.<\/li>\n<\/ul>\n","protected":false},"excerpt":{"rendered":"<p>El ajo negro no es m\u00e1s que ajo fermentado, que adquiere entonces una consistencia muy blanda y un sabor dulce y ya no tiene el t\u00edpico olor a ajo. Sin embargo, las propiedades saludables del \u00abajo normal\u00bb tambi\u00e9n est\u00e1n presentes en el ajo negro. Vegano Sin gluten Sin lactosa Sin OGM Fabricado seg\u00fan los estrictos [&hellip;]<\/p>\n","protected":false},"featured_media":52282,"template":"","meta":{"_acf_changed":false},"product_brand":[10219],"product_cat":[350,363],"product_tag":[],"class_list":{"0":"post-26911","1":"product","2":"type-product","3":"status-publish","4":"has-post-thumbnail","6":"product_brand-vit4ever-es","7":"product_cat-nutrientes","8":"product_cat-productos-de-a-z","10":"first","11":"outofstock","12":"taxable","13":"shipping-taxable","14":"purchasable","15":"product-type-simple"},"acf":[],"_links":{"self":[{"href":"https:\/\/vitalstoffversand.com\/es\/wp-json\/wp\/v2\/product\/26911","targetHints":{"allow":["GET"]}}],"collection":[{"href":"https:\/\/vitalstoffversand.com\/es\/wp-json\/wp\/v2\/product"}],"about":[{"href":"https:\/\/vitalstoffversand.com\/es\/wp-json\/wp\/v2\/types\/product"}],"wp:featuredmedia":[{"embeddable":true,"href":"https:\/\/vitalstoffversand.com\/es\/wp-json\/wp\/v2\/media\/52282"}],"wp:attachment":[{"href":"https:\/\/vitalstoffversand.com\/es\/wp-json\/wp\/v2\/media?parent=26911"}],"wp:term":[{"taxonomy":"product_brand","embeddable":true,"href":"https:\/\/vitalstoffversand.com\/es\/wp-json\/wp\/v2\/product_brand?post=26911"},{"taxonomy":"product_cat","embeddable":true,"href":"https:\/\/vitalstoffversand.com\/es\/wp-json\/wp\/v2\/product_cat?post=26911"},{"taxonomy":"product_tag","embeddable":true,"href":"https:\/\/vitalstoffversand.com\/es\/wp-json\/wp\/v2\/product_tag?post=26911"}],"curies":[{"name":"wp","href":"https:\/\/api.w.org\/{rel}","templated":true}]}}