{"id":26896,"date":"2024-11-10T16:33:43","date_gmt":"2024-11-10T15:33:43","guid":{"rendered":"https:\/\/vitalstoffversand.com\/produkt\/vit4ever-bromelina-intenso-120-capsulas-varios-f-i-p\/"},"modified":"2026-03-14T18:56:58","modified_gmt":"2026-03-14T17:56:58","slug":"vit4ever-bromelina-intenso-120-capsulas-varios-f-i-p","status":"publish","type":"product","link":"https:\/\/vitalstoffversand.com\/es\/producto\/vit4ever-bromelina-intenso-120-capsulas-varios-f-i-p\/","title":{"rendered":"Vit4ever <br>Bromelina Intenso 2000 F.I.P &#8211; 120 c\u00e1psulas"},"content":{"rendered":"<p>Bromelina Intenso con 2000 F.I.P (Federaci\u00f3n Internacional Farmac\u00e9utica = unidad de medida de la actividad enzim\u00e1tica).<\/p>\n<p>Se obtiene de la planta de la pi\u00f1a, est\u00e1 compuesto por dos enzimas y se utiliza, entre otras cosas, como medicamento a base de plantas para tratar la hinchaz\u00f3n despu\u00e9s de lesiones y operaciones.<\/p>\n<p>Tambi\u00e9n tiene propiedades antiinflamatorias y digestivas.<\/p>\n<p>Las c\u00e1psulas tienen un recubrimiento ent\u00e9rico para que el principio activo s\u00f3lo se libere all\u00ed donde pueda absorberse.<\/p>\n<ul>\n<li>Vegano<\/li>\n<li>Sin gluten<\/li>\n<li>Sin lactosa<\/li>\n<li>Sin OGM<\/li>\n<li>Fabricado seg\u00fan los estrictos est\u00e1ndares de calidad de la UE.<\/li>\n<\/ul>\n","protected":false},"excerpt":{"rendered":"<p>Bromelina Intenso con 2000 F.I.P (Federaci\u00f3n Internacional Farmac\u00e9utica = unidad de medida de la actividad enzim\u00e1tica). Se obtiene de la planta de la pi\u00f1a, est\u00e1 compuesto por dos enzimas y se utiliza, entre otras cosas, como medicamento a base de plantas para tratar la hinchaz\u00f3n despu\u00e9s de lesiones y operaciones. Tambi\u00e9n tiene propiedades antiinflamatorias y [&hellip;]<\/p>\n","protected":false},"featured_media":52202,"template":"","meta":{"_acf_changed":false},"product_brand":[10219],"product_cat":[350,363],"product_tag":[],"class_list":{"0":"post-26896","1":"product","2":"type-product","3":"status-publish","4":"has-post-thumbnail","6":"product_brand-vit4ever-es","7":"product_cat-nutrientes","8":"product_cat-productos-de-a-z","10":"first","11":"instock","12":"taxable","13":"shipping-taxable","14":"purchasable","15":"product-type-simple"},"acf":[],"_links":{"self":[{"href":"https:\/\/vitalstoffversand.com\/es\/wp-json\/wp\/v2\/product\/26896","targetHints":{"allow":["GET"]}}],"collection":[{"href":"https:\/\/vitalstoffversand.com\/es\/wp-json\/wp\/v2\/product"}],"about":[{"href":"https:\/\/vitalstoffversand.com\/es\/wp-json\/wp\/v2\/types\/product"}],"wp:featuredmedia":[{"embeddable":true,"href":"https:\/\/vitalstoffversand.com\/es\/wp-json\/wp\/v2\/media\/52202"}],"wp:attachment":[{"href":"https:\/\/vitalstoffversand.com\/es\/wp-json\/wp\/v2\/media?parent=26896"}],"wp:term":[{"taxonomy":"product_brand","embeddable":true,"href":"https:\/\/vitalstoffversand.com\/es\/wp-json\/wp\/v2\/product_brand?post=26896"},{"taxonomy":"product_cat","embeddable":true,"href":"https:\/\/vitalstoffversand.com\/es\/wp-json\/wp\/v2\/product_cat?post=26896"},{"taxonomy":"product_tag","embeddable":true,"href":"https:\/\/vitalstoffversand.com\/es\/wp-json\/wp\/v2\/product_tag?post=26896"}],"curies":[{"name":"wp","href":"https:\/\/api.w.org\/{rel}","templated":true}]}}