{"id":26888,"date":"2024-11-10T16:28:44","date_gmt":"2024-11-10T15:28:44","guid":{"rendered":"https:\/\/vitalstoffversand.com\/produkt\/vit4ever-aceite-de-comino-negro-420-capsulas\/"},"modified":"2026-03-14T18:51:33","modified_gmt":"2026-03-14T17:51:33","slug":"vit4ever-aceite-de-comino-negro-420-capsulas","status":"publish","type":"product","link":"https:\/\/vitalstoffversand.com\/es\/producto\/vit4ever-aceite-de-comino-negro-420-capsulas\/","title":{"rendered":"Vit4ever <br>Aceite de comino negro &#8211; 420 c\u00e1psulas"},"content":{"rendered":"<p>El comino negro (Nigella sativa) contiene una elevada proporci\u00f3n de \u00e1cidos grasos insaturados y numerosos minerales, vitaminas, amino\u00e1cidos y aceites esenciales.<\/p>\n<p>Cada c\u00e1psula tambi\u00e9n contiene 5 mg de <a href=\"https:\/\/vitalstoffversand.com\/knowledge-base\/vitamin-e\/\" target=\"_blank\" rel=\"noopener\"><strong><span style=\"color: #0000ff;\">\u2192 vitamina E<\/span><\/strong><\/a> natural, que no s\u00f3lo protege el aceite de comino negro, sino que tambi\u00e9n es un potente antioxidante en el organismo.<\/p>\n<ul>\n<li>Sin gluten<\/li>\n<li>Sin lactosa<\/li>\n<li>Sin OGM<\/li>\n<li>Fabricado seg\u00fan los estrictos est\u00e1ndares de calidad de la UE.<\/li>\n<\/ul>\n","protected":false},"excerpt":{"rendered":"<p>El comino negro (Nigella sativa) contiene una elevada proporci\u00f3n de \u00e1cidos grasos insaturados y numerosos minerales, vitaminas, amino\u00e1cidos y aceites esenciales. Cada c\u00e1psula tambi\u00e9n contiene 5 mg de \u2192 vitamina E natural, que no s\u00f3lo protege el aceite de comino negro, sino que tambi\u00e9n es un potente antioxidante en el organismo. Sin gluten Sin lactosa [&hellip;]<\/p>\n","protected":false},"featured_media":52090,"template":"","meta":{"_acf_changed":false},"product_brand":[10219],"product_cat":[335,363],"product_tag":[],"class_list":{"0":"post-26888","1":"product","2":"type-product","3":"status-publish","4":"has-post-thumbnail","6":"product_brand-vit4ever-es","7":"product_cat-acidos-grasos","8":"product_cat-productos-de-a-z","10":"first","11":"instock","12":"taxable","13":"shipping-taxable","14":"purchasable","15":"product-type-simple"},"acf":[],"_links":{"self":[{"href":"https:\/\/vitalstoffversand.com\/es\/wp-json\/wp\/v2\/product\/26888","targetHints":{"allow":["GET"]}}],"collection":[{"href":"https:\/\/vitalstoffversand.com\/es\/wp-json\/wp\/v2\/product"}],"about":[{"href":"https:\/\/vitalstoffversand.com\/es\/wp-json\/wp\/v2\/types\/product"}],"wp:featuredmedia":[{"embeddable":true,"href":"https:\/\/vitalstoffversand.com\/es\/wp-json\/wp\/v2\/media\/52090"}],"wp:attachment":[{"href":"https:\/\/vitalstoffversand.com\/es\/wp-json\/wp\/v2\/media?parent=26888"}],"wp:term":[{"taxonomy":"product_brand","embeddable":true,"href":"https:\/\/vitalstoffversand.com\/es\/wp-json\/wp\/v2\/product_brand?post=26888"},{"taxonomy":"product_cat","embeddable":true,"href":"https:\/\/vitalstoffversand.com\/es\/wp-json\/wp\/v2\/product_cat?post=26888"},{"taxonomy":"product_tag","embeddable":true,"href":"https:\/\/vitalstoffversand.com\/es\/wp-json\/wp\/v2\/product_tag?post=26888"}],"curies":[{"name":"wp","href":"https:\/\/api.w.org\/{rel}","templated":true}]}}