{"id":26857,"date":"2024-11-10T15:58:51","date_gmt":"2024-11-10T14:58:51","guid":{"rendered":"https:\/\/vitalstoffversand.com\/produkt\/vit4ever-nattoquinasa-diferentes-cantidades\/"},"modified":"2026-03-14T18:41:11","modified_gmt":"2026-03-14T17:41:11","slug":"vit4ever-nattoquinasa-diferentes-cantidades","status":"publish","type":"product","link":"https:\/\/vitalstoffversand.com\/es\/producto\/vit4ever-nattoquinasa-diferentes-cantidades\/","title":{"rendered":"Vit4ever <br>Nattokinasa &#8211; 180 c\u00e1psulas"},"content":{"rendered":"<p>C\u00e1psulas de nattokinasa con una concentraci\u00f3n de 100 mg de nattokinasa pura, lo que equivale a 2000 FU (unidades fibrinol\u00edticas) por c\u00e1psula.<\/p>\n<p>La nattocinasa es una enzima procedente del alimento tradicional japon\u00e9s natto, que a su vez consiste en habas de soja fermentadas.<\/p>\n<ul>\n<li>Vegano<\/li>\n<li>Sin gluten<\/li>\n<li>Sin lactosa<\/li>\n<li>Sin OGM<\/li>\n<li>Fabricado seg\u00fan los estrictos est\u00e1ndares de calidad de la UE.<\/li>\n<\/ul>\n","protected":false},"excerpt":{"rendered":"<p>C\u00e1psulas de nattokinasa con una concentraci\u00f3n de 100 mg de nattokinasa pura, lo que equivale a 2000 FU (unidades fibrinol\u00edticas) por c\u00e1psula. La nattocinasa es una enzima procedente del alimento tradicional japon\u00e9s natto, que a su vez consiste en habas de soja fermentadas. Vegano Sin gluten Sin lactosa Sin OGM Fabricado seg\u00fan los estrictos est\u00e1ndares [&hellip;]<\/p>\n","protected":false},"featured_media":51978,"template":"","meta":{"_acf_changed":false},"product_brand":[10219],"product_cat":[350,363],"product_tag":[],"class_list":{"0":"post-26857","1":"product","2":"type-product","3":"status-publish","4":"has-post-thumbnail","6":"product_brand-vit4ever-es","7":"product_cat-nutrientes","8":"product_cat-productos-de-a-z","10":"first","11":"outofstock","12":"taxable","13":"shipping-taxable","14":"purchasable","15":"product-type-simple"},"acf":[],"_links":{"self":[{"href":"https:\/\/vitalstoffversand.com\/es\/wp-json\/wp\/v2\/product\/26857","targetHints":{"allow":["GET"]}}],"collection":[{"href":"https:\/\/vitalstoffversand.com\/es\/wp-json\/wp\/v2\/product"}],"about":[{"href":"https:\/\/vitalstoffversand.com\/es\/wp-json\/wp\/v2\/types\/product"}],"wp:featuredmedia":[{"embeddable":true,"href":"https:\/\/vitalstoffversand.com\/es\/wp-json\/wp\/v2\/media\/51978"}],"wp:attachment":[{"href":"https:\/\/vitalstoffversand.com\/es\/wp-json\/wp\/v2\/media?parent=26857"}],"wp:term":[{"taxonomy":"product_brand","embeddable":true,"href":"https:\/\/vitalstoffversand.com\/es\/wp-json\/wp\/v2\/product_brand?post=26857"},{"taxonomy":"product_cat","embeddable":true,"href":"https:\/\/vitalstoffversand.com\/es\/wp-json\/wp\/v2\/product_cat?post=26857"},{"taxonomy":"product_tag","embeddable":true,"href":"https:\/\/vitalstoffversand.com\/es\/wp-json\/wp\/v2\/product_tag?post=26857"}],"curies":[{"name":"wp","href":"https:\/\/api.w.org\/{rel}","templated":true}]}}